{"id":718,"date":"2016-07-28T10:33:22","date_gmt":"2016-07-28T09:33:22","guid":{"rendered":"http:\/\/asso-6art-sonchamp.fr\/?page_id=718"},"modified":"2016-07-28T10:33:22","modified_gmt":"2016-07-28T09:33:22","slug":"sonia-deschamps","status":"publish","type":"page","link":"https:\/\/asso-6art-sonchamp.fr\/index.php\/sonia-deschamps\/","title":{"rendered":"Sonia Deschamps"},"content":{"rendered":"<p>Sonia Deschamps est titulaire d&rsquo;un bac option danse et a obtenu la m\u00e9daille d&rsquo;or \u00e0 l&rsquo;unanimit\u00e9 du Conservatoire National de R\u00e9gion \u00e0 Paris. Elle a alors obtenu la dispense de Dipl\u00f4me d&rsquo;Etat aupr\u00e8s du Minist\u00e8re de la Culture. Elle enseigne la Danse Classique depuis plus de 30 ans, notamment dans des associations.<\/p>\n","protected":false},"excerpt":{"rendered":"<p>Sonia Deschamps est titulaire d&rsquo;un bac option danse et a obtenu la m\u00e9daille d&rsquo;or \u00e0 l&rsquo;unanimit\u00e9 du Conservatoire National de R\u00e9gion \u00e0 Paris. Elle a alors obtenu la dispense de Dipl\u00f4me d&rsquo;Etat aupr\u00e8s du Minist\u00e8re de la Culture. Elle enseigne la Danse Classique depuis plus de 30 ans, notamment dans des associations.<\/p>\n","protected":false},"author":1,"featured_media":0,"parent":0,"menu_order":0,"comment_status":"closed","ping_status":"closed","template":"","meta":{"_acf_changed":false,"jetpack_post_was_ever_published":false,"footnotes":""},"class_list":["post-718","page","type-page","status-publish","hentry"],"acf":[],"jetpack_sharing_enabled":true,"jetpack_shortlink":"https:\/\/wp.me\/P6Yl4y-bA","jetpack-related-posts":[],"_links":{"self":[{"href":"https:\/\/asso-6art-sonchamp.fr\/index.php\/wp-json\/wp\/v2\/pages\/718","targetHints":{"allow":["GET"]}}],"collection":[{"href":"https:\/\/asso-6art-sonchamp.fr\/index.php\/wp-json\/wp\/v2\/pages"}],"about":[{"href":"https:\/\/asso-6art-sonchamp.fr\/index.php\/wp-json\/wp\/v2\/types\/page"}],"author":[{"embeddable":true,"href":"https:\/\/asso-6art-sonchamp.fr\/index.php\/wp-json\/wp\/v2\/users\/1"}],"replies":[{"embeddable":true,"href":"https:\/\/asso-6art-sonchamp.fr\/index.php\/wp-json\/wp\/v2\/comments?post=718"}],"version-history":[{"count":1,"href":"https:\/\/asso-6art-sonchamp.fr\/index.php\/wp-json\/wp\/v2\/pages\/718\/revisions"}],"predecessor-version":[{"id":720,"href":"https:\/\/asso-6art-sonchamp.fr\/index.php\/wp-json\/wp\/v2\/pages\/718\/revisions\/720"}],"wp:attachment":[{"href":"https:\/\/asso-6art-sonchamp.fr\/index.php\/wp-json\/wp\/v2\/media?parent=718"}],"curies":[{"name":"wp","href":"https:\/\/api.w.org\/{rel}","templated":true}]}}