{"id":71,"date":"2015-11-21T22:27:38","date_gmt":"2015-11-21T21:27:38","guid":{"rendered":"http:\/\/asso-6art-sonchamp.fr\/?page_id=71"},"modified":"2025-08-19T20:38:08","modified_gmt":"2025-08-19T19:38:08","slug":"tarifs","status":"publish","type":"page","link":"https:\/\/asso-6art-sonchamp.fr\/index.php\/tarifs\/","title":{"rendered":"Les tarifs"},"content":{"rendered":"<p>L<strong>es tarifs de l&rsquo;association 6<sup>\u00e8me<\/sup> Art pour la saison 2025-2026 sont inchang\u00e9s.<br \/>\n<\/strong><\/p>\n<ul style=\"list-style-type: disc;\">\n<li>Cours d&rsquo;Eveil, Initiation, Danses Classique, Modern\/ModernJazz, Hip-Hop, Stretching<\/li>\n<\/ul>\n<table style=\"background-color: #ffffff; height: 514px;\" width=\"495\">\n<tbody>\n<tr>\n<td><\/td>\n<td>Sonchampois-es<\/td>\n<td>Ext\u00e9rieur-es<\/td>\n<\/tr>\n<tr>\n<td><strong>Adh\u00e9sion \u00e0 l\u2019association (par personne)<\/strong><\/td>\n<td style=\"text-align: center;\">10 \u20ac<\/td>\n<td style=\"text-align: center;\">12 \u20ac<\/td>\n<\/tr>\n<tr style=\"background-color: #ffffff;\">\n<td><strong>1 seul cours par semaine (par personne) :<\/strong><\/td>\n<td colspan=\"2\"><\/td>\n<\/tr>\n<tr style=\"background-color: #ffffff;\">\n<td>Cours de danse \u00be h<\/td>\n<td style=\"text-align: center;\" colspan=\"2\">180 \u20ac<\/td>\n<\/tr>\n<tr style=\"background-color: #ffffff;\">\n<td>Cours de danse 1 h<\/td>\n<td style=\"text-align: center;\" colspan=\"2\">200 \u20ac<\/td>\n<\/tr>\n<tr style=\"background-color: #ffffff;\">\n<td>Cours de danse 1h15<\/td>\n<td style=\"text-align: center;\" colspan=\"2\">220 \u20ac<\/td>\n<\/tr>\n<tr style=\"background-color: #ffffff;\">\n<td>Cours de danse 1h30<\/td>\n<td style=\"text-align: center;\" colspan=\"2\">240 \u20ac<\/td>\n<\/tr>\n<tr style=\"background-color: #ffffff;\">\n<td>Cours de danse 2h<\/td>\n<td style=\"text-align: center;\" colspan=\"2\">260 \u20ac<\/td>\n<\/tr>\n<tr style=\"background-color: #ffffff;\">\n<td><strong>2 cours par semaine (par personne) :<\/strong><\/td>\n<td style=\"text-align: center;\" colspan=\"2\">410 \u20ac<\/td>\n<\/tr>\n<tr>\n<td><strong>3 cours par semaine (par personne) : <\/strong>410 \u20ac + 150 \u20ac<\/td>\n<td style=\"text-align: center;\" colspan=\"2\">\u00a0560 \u20ac<\/td>\n<\/tr>\n<tr>\n<td><strong>4 cours par semaine (par personne) : <\/strong>410 \u20ac + 2 x150 \u20ac<\/td>\n<td style=\"text-align: center;\" colspan=\"2\">\u00a0710 \u20ac<\/td>\n<\/tr>\n<tr>\n<td><strong>D\u00e9couverte mensuelle du Hip-Hop <\/strong>(7 ans, 1h par mois)<\/td>\n<td style=\"text-align: center;\" colspan=\"2\">75 \u20ac<\/td>\n<\/tr>\n<tr>\n<td><strong>Cours mensuel Break <\/strong>(2h15\/mois)<\/td>\n<td style=\"text-align: center;\" colspan=\"2\">cours seul : 180 \u20ac<\/p>\n<p>1 cours + Break\u00a0 : 410 \u20ac<\/p>\n<p>2 cours + Break : 560 \u20ac<\/td>\n<\/tr>\n<\/tbody>\n<\/table>\n<p><span style=\"font-size: 8pt;\">\u00a0<\/span><\/p>\n<p><span style=\"font-size: 10pt;\"><span style=\"font-size: 8pt;\">\u00a0<\/span><\/span><\/p>\n","protected":false},"excerpt":{"rendered":"<p>Les tarifs de l&rsquo;association 6\u00e8me Art pour la saison 2025-2026 sont inchang\u00e9s. Cours d&rsquo;Eveil, Initiation, Danses Classique, Modern\/ModernJazz, Hip-Hop, Stretching Sonchampois-es Ext\u00e9rieur-es Adh\u00e9sion \u00e0 l\u2019association (par personne) 10 \u20ac 12 \u20ac 1 seul cours par semaine (par personne) : Cours de danse \u00be h 180 \u20ac Cours de danse 1 h 200 \u20ac Cours de &hellip; <a href=\"https:\/\/asso-6art-sonchamp.fr\/index.php\/tarifs\/\" class=\"more-link\">Continuer la lecture de <span class=\"screen-reader-text\">Les tarifs<\/span>  <span class=\"meta-nav\">&rarr;<\/span><\/a><\/p>\n","protected":false},"author":1,"featured_media":0,"parent":0,"menu_order":0,"comment_status":"closed","ping_status":"closed","template":"","meta":{"_acf_changed":false,"jetpack_post_was_ever_published":false,"footnotes":""},"class_list":["post-71","page","type-page","status-publish","hentry"],"acf":[],"jetpack_sharing_enabled":true,"jetpack_shortlink":"https:\/\/wp.me\/P6Yl4y-19","jetpack-related-posts":[],"_links":{"self":[{"href":"https:\/\/asso-6art-sonchamp.fr\/index.php\/wp-json\/wp\/v2\/pages\/71","targetHints":{"allow":["GET"]}}],"collection":[{"href":"https:\/\/asso-6art-sonchamp.fr\/index.php\/wp-json\/wp\/v2\/pages"}],"about":[{"href":"https:\/\/asso-6art-sonchamp.fr\/index.php\/wp-json\/wp\/v2\/types\/page"}],"author":[{"embeddable":true,"href":"https:\/\/asso-6art-sonchamp.fr\/index.php\/wp-json\/wp\/v2\/users\/1"}],"replies":[{"embeddable":true,"href":"https:\/\/asso-6art-sonchamp.fr\/index.php\/wp-json\/wp\/v2\/comments?post=71"}],"version-history":[{"count":36,"href":"https:\/\/asso-6art-sonchamp.fr\/index.php\/wp-json\/wp\/v2\/pages\/71\/revisions"}],"predecessor-version":[{"id":2488,"href":"https:\/\/asso-6art-sonchamp.fr\/index.php\/wp-json\/wp\/v2\/pages\/71\/revisions\/2488"}],"wp:attachment":[{"href":"https:\/\/asso-6art-sonchamp.fr\/index.php\/wp-json\/wp\/v2\/media?parent=71"}],"curies":[{"name":"wp","href":"https:\/\/api.w.org\/{rel}","templated":true}]}}