{"id":62,"date":"2015-11-21T22:28:38","date_gmt":"2015-11-21T21:28:38","guid":{"rendered":"http:\/\/asso-6art-sonchamp.fr\/?page_id=62"},"modified":"2026-04-27T21:19:45","modified_gmt":"2026-04-27T20:19:45","slug":"nos-cours","status":"publish","type":"page","link":"https:\/\/asso-6art-sonchamp.fr\/index.php\/nos-cours\/","title":{"rendered":"Nos cours"},"content":{"rendered":"<p>La danse en amateur peut \u00eatre pratiqu\u00e9e par tous \u00e0 raison de un ou plusieurs cours par semaine. Nos cours sont assur\u00e9s par 5 professeurs.<\/p>\n<h1>Disciplines enseign\u00e9es<\/h1>\n<ul>\n<li><span style=\"color: #000000;\">\u00c9veil \u00e0 la danse : <a style=\"color: #000000;\" href=\"http:\/\/asso-6art-sonchamp.fr\/index.php\/melina-castin\/\">M\u00e9lina Castin <\/a>et\/ou Sonia Deschamps<\/span><\/li>\n<li><span style=\"color: #000000;\">Initiation : M\u00e9lina Castin et\/ou <a style=\"color: #000000;\" href=\"http:\/\/asso-6art-sonchamp.fr\/index.php\/sonia-deschamps\/\">Sonia Deschamps<\/a><\/span><\/li>\n<li><span style=\"color: #000000;\">Modern\u00a0 : M\u00e9lina Castin<\/span><\/li>\n<li><span style=\"color: #000000;\">Classique\u00a0 : Sonia Deschamps<\/span><\/li>\n<li><span style=\"color: #000000;\"><a style=\"color: #000000;\" href=\"http:\/\/asso-6art-sonchamp.fr\/index.php\/nos-cours\/hip-hop-et-dancehall\/\" target=\"_blank\" rel=\"noopener\">Hip-hop<\/a> :\u00a0Emma Giry et Boris Bodonon<br \/>\n<\/span><\/li>\n<li>Break et D\u00e9couverte Hip-Hop 7 ans : Boris Bodonon<\/li>\n<\/ul>\n<ul>\n<li><span style=\"color: #000000;\">Stretching : Sonia Deschamps<\/span><\/li>\n<\/ul>\n<h1>Cies de danse<\/h1>\n<ul style=\"list-style-type: disc;\">\n<li>Meltin&rsquo;SK : Justine Lambin<\/li>\n<li>A corps et Accords : M\u00e9lina Castin<\/li>\n<\/ul>\n<p>Rendez-vous sur la page \u00ab\u00a0<span style=\"color: #0000ff;\"><a style=\"color: #0000ff;\" href=\"http:\/\/asso-6art-sonchamp.fr\/index.php\/horaires-et-lieux\/\" target=\"_blank\" rel=\"noopener\">Horaires et lieux<\/a><\/span>\u00a0\u00bb pour acc\u00e9der au planning.<\/p>\n","protected":false},"excerpt":{"rendered":"<p>La danse en amateur peut \u00eatre pratiqu\u00e9e par tous \u00e0 raison de un ou plusieurs cours par semaine. Nos cours sont assur\u00e9s par 5 professeurs. Disciplines enseign\u00e9es \u00c9veil \u00e0 la danse : M\u00e9lina Castin et\/ou Sonia Deschamps Initiation : M\u00e9lina Castin et\/ou Sonia Deschamps Modern\u00a0 : M\u00e9lina Castin Classique\u00a0 : Sonia Deschamps Hip-hop :\u00a0Emma Giry &hellip; <a href=\"https:\/\/asso-6art-sonchamp.fr\/index.php\/nos-cours\/\" class=\"more-link\">Continuer la lecture de <span class=\"screen-reader-text\">Nos cours<\/span>  <span class=\"meta-nav\">&rarr;<\/span><\/a><\/p>\n","protected":false},"author":1,"featured_media":0,"parent":0,"menu_order":0,"comment_status":"closed","ping_status":"closed","template":"","meta":{"_acf_changed":false,"jetpack_post_was_ever_published":false,"footnotes":""},"class_list":["post-62","page","type-page","status-publish","hentry"],"acf":[],"jetpack_sharing_enabled":true,"jetpack_shortlink":"https:\/\/wp.me\/P6Yl4y-10","jetpack-related-posts":[],"_links":{"self":[{"href":"https:\/\/asso-6art-sonchamp.fr\/index.php\/wp-json\/wp\/v2\/pages\/62","targetHints":{"allow":["GET"]}}],"collection":[{"href":"https:\/\/asso-6art-sonchamp.fr\/index.php\/wp-json\/wp\/v2\/pages"}],"about":[{"href":"https:\/\/asso-6art-sonchamp.fr\/index.php\/wp-json\/wp\/v2\/types\/page"}],"author":[{"embeddable":true,"href":"https:\/\/asso-6art-sonchamp.fr\/index.php\/wp-json\/wp\/v2\/users\/1"}],"replies":[{"embeddable":true,"href":"https:\/\/asso-6art-sonchamp.fr\/index.php\/wp-json\/wp\/v2\/comments?post=62"}],"version-history":[{"count":35,"href":"https:\/\/asso-6art-sonchamp.fr\/index.php\/wp-json\/wp\/v2\/pages\/62\/revisions"}],"predecessor-version":[{"id":2596,"href":"https:\/\/asso-6art-sonchamp.fr\/index.php\/wp-json\/wp\/v2\/pages\/62\/revisions\/2596"}],"wp:attachment":[{"href":"https:\/\/asso-6art-sonchamp.fr\/index.php\/wp-json\/wp\/v2\/media?parent=62"}],"curies":[{"name":"wp","href":"https:\/\/api.w.org\/{rel}","templated":true}]}}