{"id":581,"date":"2016-05-11T14:59:24","date_gmt":"2016-05-11T13:59:24","guid":{"rendered":"http:\/\/asso-6art-sonchamp.fr\/?page_id=581"},"modified":"2016-05-11T15:03:20","modified_gmt":"2016-05-11T14:03:20","slug":"danse-orientale","status":"publish","type":"page","link":"https:\/\/asso-6art-sonchamp.fr\/index.php\/nos-cours\/danse-orientale\/","title":{"rendered":"Danse orientale"},"content":{"rendered":"<p><strong><em><span style=\"font-size: 14pt;\">\u00ab\u00a0Avec la danse orientale, vous prenez conscience de la beaut\u00e9 de votre corps et de ses capacit\u00e9s.\u00a0\u00bb<\/span> <\/em><\/strong><span style=\"font-size: 14pt;\">Alayaa<\/span><\/p>\n<p>La danse orientale est pratiqu\u00e9e par des femmes de tous \u00e2ges et de toutes morphologies partout dans le monde !<\/p>\n<h1>Un art f\u00e9minin, sensuel, lib\u00e9rateur&#8230;<\/h1>\n<p>La danse orientale est n\u00e9e dans l&rsquo;\u00c9gypte antique. C&rsquo;\u00e9tait alors un hymne \u00e0 l&rsquo;\u00e9nergie f\u00e9minine et \u00e0 la fertilit\u00e9.<\/p>\n<p>Discipline \u00e0 part enti\u00e8re, elle m\u00eale d\u00e9sormais de multiples styles artistiques et culturels\u00a0: le populaire Baladi, le tr\u00e8s a\u00e9rien Sharqui, le Sa\u00efdi, la Tabla&#8230;<\/p>\n<h2>Les cours d&rsquo;Alayaa<\/h2>\n<p>Ils sont structur\u00e9s en 4 parties distinctes comprenant :<\/p>\n<ul>\n<li>\u00e9chauffement,<\/li>\n<li>apprentissage des techniques,<\/li>\n<li>enchainements (diff\u00e9rents \u00e0 chaque cours),<\/li>\n<li>\u00e9tirements.<\/li>\n<\/ul>\n<p>Les techniques avec\u00a0accessoires\u00a0(voiles, b\u00e2tons, diff\u00e9rentes fusions)\u00a0sont abord\u00e9es\u00a0 lors de stages tout au long de l\u2019ann\u00e9e.<\/p>\n<p>Mesdames, n\u2019h\u00e9sitez plus \u00e0 nous rejoindre !<\/p>\n","protected":false},"excerpt":{"rendered":"<p>\u00ab\u00a0Avec la danse orientale, vous prenez conscience de la beaut\u00e9 de votre corps et de ses capacit\u00e9s.\u00a0\u00bb Alayaa La danse orientale est pratiqu\u00e9e par des femmes de tous \u00e2ges et de toutes morphologies partout dans le monde ! Un art f\u00e9minin, sensuel, lib\u00e9rateur&#8230; La danse orientale est n\u00e9e dans l&rsquo;\u00c9gypte antique. C&rsquo;\u00e9tait alors un hymne &hellip; <a href=\"https:\/\/asso-6art-sonchamp.fr\/index.php\/nos-cours\/danse-orientale\/\" class=\"more-link\">Continuer la lecture de <span class=\"screen-reader-text\">Danse orientale<\/span>  <span class=\"meta-nav\">&rarr;<\/span><\/a><\/p>\n","protected":false},"author":1,"featured_media":0,"parent":62,"menu_order":0,"comment_status":"closed","ping_status":"closed","template":"","meta":{"_acf_changed":false,"jetpack_post_was_ever_published":false,"footnotes":""},"class_list":["post-581","page","type-page","status-publish","hentry"],"acf":[],"jetpack_sharing_enabled":true,"jetpack_shortlink":"https:\/\/wp.me\/P6Yl4y-9n","jetpack-related-posts":[],"_links":{"self":[{"href":"https:\/\/asso-6art-sonchamp.fr\/index.php\/wp-json\/wp\/v2\/pages\/581","targetHints":{"allow":["GET"]}}],"collection":[{"href":"https:\/\/asso-6art-sonchamp.fr\/index.php\/wp-json\/wp\/v2\/pages"}],"about":[{"href":"https:\/\/asso-6art-sonchamp.fr\/index.php\/wp-json\/wp\/v2\/types\/page"}],"author":[{"embeddable":true,"href":"https:\/\/asso-6art-sonchamp.fr\/index.php\/wp-json\/wp\/v2\/users\/1"}],"replies":[{"embeddable":true,"href":"https:\/\/asso-6art-sonchamp.fr\/index.php\/wp-json\/wp\/v2\/comments?post=581"}],"version-history":[{"count":4,"href":"https:\/\/asso-6art-sonchamp.fr\/index.php\/wp-json\/wp\/v2\/pages\/581\/revisions"}],"predecessor-version":[{"id":585,"href":"https:\/\/asso-6art-sonchamp.fr\/index.php\/wp-json\/wp\/v2\/pages\/581\/revisions\/585"}],"up":[{"embeddable":true,"href":"https:\/\/asso-6art-sonchamp.fr\/index.php\/wp-json\/wp\/v2\/pages\/62"}],"wp:attachment":[{"href":"https:\/\/asso-6art-sonchamp.fr\/index.php\/wp-json\/wp\/v2\/media?parent=581"}],"curies":[{"name":"wp","href":"https:\/\/api.w.org\/{rel}","templated":true}]}}