{"id":285,"date":"2016-02-07T14:43:15","date_gmt":"2016-02-07T13:43:15","guid":{"rendered":"http:\/\/asso-6art-sonchamp.fr\/?page_id=285"},"modified":"2026-03-24T19:04:37","modified_gmt":"2026-03-24T18:04:37","slug":"a-noter-sur-vos-tablettes","status":"publish","type":"page","link":"https:\/\/asso-6art-sonchamp.fr\/","title":{"rendered":"Infos\/ Nouveaut\u00e9s \/ A noter sur vos tablettes"},"content":{"rendered":"<div id=\"pl-285\"  class=\"panel-layout\" ><div id=\"pg-285-0\"  class=\"panel-grid panel-no-style\"  style=\"margin-bottom: 10px\" ><div id=\"pgc-285-0-0\"  class=\"panel-grid-cell\" ><div id=\"panel-285-0-0-0\" class=\"so-panel widget widget_sow-editor panel-first-child panel-last-child\" data-index=\"0\" ><div style=\"padding: 20px 20px 20px 20px;border: 1px solid #ed9468;\" class=\"panel-widget-style panel-widget-style-for-285-0-0-0\" ><div\n\t\t\t\n\t\t\tclass=\"so-widget-sow-editor so-widget-sow-editor-base\"\n\t\t\t\n\t\t>\n<div class=\"siteorigin-widget-tinymce textwidget\">\n\t<h1 style=\"text-align: center;\"><span style=\"font-size: 24pt; color: #000000;\"><strong>F\u00eate de fin d'ann\u00e9e 2026<\/strong><\/span><\/h1>\n<h3 style=\"text-align: center;\"><span style=\"font-size: 18pt; color: #000000;\"><em>Retrouvez-nous\u00a0<\/em><\/span><\/h3>\n<h3 style=\"text-align: center;\"><span style=\"color: #000000;\"><strong>Au Gymnase de Sonchamp<\/strong><\/span><\/h3>\n<h3 style=\"text-align: center;\"><span style=\"color: #000000;\"><strong>WE du 20 &amp; 21 juin 2026<\/strong><\/span><\/h3>\n<h3 style=\"text-align: center;\"><span style=\"color: #000000;\"><strong>Bient\u00f4t tous les d\u00e9tails\u00a0 sur cette page.<\/strong><\/span><\/h3>\n<p><a href=\"http:\/\/asso-6art-sonchamp.fr\/wp-content\/uploads\/2026\/03\/Annonce-2.jpeg\"><img data-attachment-id=\"2513\" data-permalink=\"https:\/\/asso-6art-sonchamp.fr\/index.php\/a-noter-sur-vos-tablettes\/annonce-2\/\" data-orig-file=\"https:\/\/asso-6art-sonchamp.fr\/wp-content\/uploads\/2026\/03\/Annonce-2.jpeg\" data-orig-size=\"1080,1080\" data-comments-opened=\"0\" data-image-meta=\"{&quot;aperture&quot;:&quot;0&quot;,&quot;credit&quot;:&quot;&quot;,&quot;camera&quot;:&quot;&quot;,&quot;caption&quot;:&quot;&quot;,&quot;created_timestamp&quot;:&quot;0&quot;,&quot;copyright&quot;:&quot;&quot;,&quot;focal_length&quot;:&quot;0&quot;,&quot;iso&quot;:&quot;0&quot;,&quot;shutter_speed&quot;:&quot;0&quot;,&quot;title&quot;:&quot;&quot;,&quot;orientation&quot;:&quot;0&quot;}\" data-image-title=\"Annonce 2\" data-image-description=\"\" data-image-caption=\"\" data-medium-file=\"https:\/\/asso-6art-sonchamp.fr\/wp-content\/uploads\/2026\/03\/Annonce-2-300x300.jpeg\" data-large-file=\"https:\/\/asso-6art-sonchamp.fr\/wp-content\/uploads\/2026\/03\/Annonce-2-1024x1024.jpeg\" loading=\"lazy\" decoding=\"async\" class=\"aligncenter wp-image-2513 size-medium\" src=\"http:\/\/asso-6art-sonchamp.fr\/wp-content\/uploads\/2026\/03\/Annonce-2-300x300.jpeg\" alt=\"\" width=\"300\" height=\"300\" srcset=\"https:\/\/asso-6art-sonchamp.fr\/wp-content\/uploads\/2026\/03\/Annonce-2-300x300.jpeg 300w, https:\/\/asso-6art-sonchamp.fr\/wp-content\/uploads\/2026\/03\/Annonce-2-1024x1024.jpeg 1024w, https:\/\/asso-6art-sonchamp.fr\/wp-content\/uploads\/2026\/03\/Annonce-2-150x150.jpeg 150w, https:\/\/asso-6art-sonchamp.fr\/wp-content\/uploads\/2026\/03\/Annonce-2-768x768.jpeg 768w, https:\/\/asso-6art-sonchamp.fr\/wp-content\/uploads\/2026\/03\/Annonce-2.jpeg 1080w\" sizes=\"auto, (max-width: 300px) 100vw, 300px\" \/><\/a><\/p>\n<\/div>\n<\/div><\/div><\/div><\/div><div id=\"pgc-285-0-1\"  class=\"panel-grid-cell\" ><div id=\"panel-285-0-1-0\" class=\"so-panel widget widget_sow-editor panel-first-child panel-last-child\" data-index=\"1\" ><div style=\"padding: 20px 20px 20px 20px;border: 1px solid #ed9468;\" class=\"panel-widget-style panel-widget-style-for-285-0-1-0\" ><div\n\t\t\t\n\t\t\tclass=\"so-widget-sow-editor so-widget-sow-editor-base\"\n\t\t\t\n\t\t>\n<div class=\"siteorigin-widget-tinymce textwidget\">\n\t<h1 style=\"text-align: center;\"><span style=\"font-size: 24pt;\"><strong>RETOUR SUR LE GALA<\/strong><\/span><\/h1>\n<h3 style=\"text-align: center;\"><span style=\"font-size: 24pt;\"><em>de juin 2025<\/em><\/span><\/h3>\n<p>&nbsp;<\/p>\n<p style=\"text-align: center;\"><span style=\"font-size: 14pt;\"><strong><span style=\"color: #ff6600;\"><a style=\"color: #ff6600;\" href=\"https:\/\/drive.google.com\/file\/d\/1Ml9K8LXhbxChHfkm30EbKvJHatQZYko-\/view?usp=sharing\" target=\"_blank\" rel=\"noopener\"><span style=\"color: #333333;\">--&gt; Retour en images\u00a0 <\/span><\/a><\/span><span style=\"color: #333333;\">\u00a0et bient\u00f4t le film !!!!<\/span><\/strong><\/span><\/p>\n<p>&nbsp;<\/p>\n<p style=\"text-align: center;\"><a href=\"http:\/\/asso-6art-sonchamp.fr\/wp-content\/uploads\/2025\/05\/Affiche-Gala-1.jpg\"><img data-attachment-id=\"2437\" data-permalink=\"https:\/\/asso-6art-sonchamp.fr\/index.php\/a-noter-sur-vos-tablettes\/affiche-gala\/\" data-orig-file=\"https:\/\/asso-6art-sonchamp.fr\/wp-content\/uploads\/2025\/05\/Affiche-Gala-1.jpg\" data-orig-size=\"886,932\" data-comments-opened=\"0\" data-image-meta=\"{&quot;aperture&quot;:&quot;0&quot;,&quot;credit&quot;:&quot;&quot;,&quot;camera&quot;:&quot;&quot;,&quot;caption&quot;:&quot;&quot;,&quot;created_timestamp&quot;:&quot;0&quot;,&quot;copyright&quot;:&quot;&quot;,&quot;focal_length&quot;:&quot;0&quot;,&quot;iso&quot;:&quot;0&quot;,&quot;shutter_speed&quot;:&quot;0&quot;,&quot;title&quot;:&quot;&quot;,&quot;orientation&quot;:&quot;1&quot;}\" data-image-title=\"Affiche Gala\" data-image-description=\"\" data-image-caption=\"\" data-medium-file=\"https:\/\/asso-6art-sonchamp.fr\/wp-content\/uploads\/2025\/05\/Affiche-Gala-1-285x300.jpg\" data-large-file=\"https:\/\/asso-6art-sonchamp.fr\/wp-content\/uploads\/2025\/05\/Affiche-Gala-1.jpg\" loading=\"lazy\" decoding=\"async\" class=\"aligncenter wp-image-2437 size-medium\" src=\"http:\/\/asso-6art-sonchamp.fr\/wp-content\/uploads\/2025\/05\/Affiche-Gala-1-285x300.jpg\" alt=\"\" width=\"285\" height=\"300\" srcset=\"https:\/\/asso-6art-sonchamp.fr\/wp-content\/uploads\/2025\/05\/Affiche-Gala-1-285x300.jpg 285w, https:\/\/asso-6art-sonchamp.fr\/wp-content\/uploads\/2025\/05\/Affiche-Gala-1-768x808.jpg 768w, https:\/\/asso-6art-sonchamp.fr\/wp-content\/uploads\/2025\/05\/Affiche-Gala-1.jpg 886w\" sizes=\"auto, (max-width: 285px) 100vw, 285px\" \/><\/a><\/p>\n<p>&nbsp;<\/p>\n<\/div>\n<\/div><\/div><\/div><\/div><\/div><div id=\"pg-285-1\"  class=\"panel-grid panel-no-style\"  style=\"margin-bottom: 10px\" ><div id=\"pgc-285-1-0\"  class=\"panel-grid-cell\" ><div id=\"panel-285-1-0-0\" class=\"so-panel widget widget_sow-editor panel-first-child panel-last-child\" data-index=\"2\" ><div style=\"padding: 20px;border: 1px solid #ed9468;\" class=\"panel-widget-style panel-widget-style-for-285-1-0-0\" ><div\n\t\t\t\n\t\t\tclass=\"so-widget-sow-editor so-widget-sow-editor-base\"\n\t\t\t\n\t\t>\n<div class=\"siteorigin-widget-tinymce textwidget\">\n\t<blockquote>\n<h1><span style=\"font-size: 24pt; color: #000000;\">PARTENAIRES<\/span><\/h1>\n<p>&nbsp;<\/p>\n<p style=\"text-align: center;\"><strong><span style=\"color: #000000;\">\u00a0<\/span><\/strong><\/p>\n<p><a href=\"http:\/\/asso-6art-sonchamp.fr\/wp-content\/uploads\/2025\/08\/VjfvfshUKY998VH-1.png\"><img data-attachment-id=\"2508\" data-permalink=\"https:\/\/asso-6art-sonchamp.fr\/index.php\/a-noter-sur-vos-tablettes\/vjfvfshuky998vh-2\/\" data-orig-file=\"https:\/\/asso-6art-sonchamp.fr\/wp-content\/uploads\/2025\/08\/VjfvfshUKY998VH-1.png\" data-orig-size=\"449,112\" data-comments-opened=\"0\" data-image-meta=\"{&quot;aperture&quot;:&quot;0&quot;,&quot;credit&quot;:&quot;&quot;,&quot;camera&quot;:&quot;&quot;,&quot;caption&quot;:&quot;&quot;,&quot;created_timestamp&quot;:&quot;0&quot;,&quot;copyright&quot;:&quot;&quot;,&quot;focal_length&quot;:&quot;0&quot;,&quot;iso&quot;:&quot;0&quot;,&quot;shutter_speed&quot;:&quot;0&quot;,&quot;title&quot;:&quot;&quot;,&quot;orientation&quot;:&quot;0&quot;}\" data-image-title=\"VjfvfshUKY998VH\" data-image-description=\"\" data-image-caption=\"\" data-medium-file=\"https:\/\/asso-6art-sonchamp.fr\/wp-content\/uploads\/2025\/08\/VjfvfshUKY998VH-1-300x75.png\" data-large-file=\"https:\/\/asso-6art-sonchamp.fr\/wp-content\/uploads\/2025\/08\/VjfvfshUKY998VH-1.png\" loading=\"lazy\" decoding=\"async\" class=\"aligncenter wp-image-2508 size-medium\" src=\"http:\/\/asso-6art-sonchamp.fr\/wp-content\/uploads\/2025\/08\/VjfvfshUKY998VH-1-300x75.png\" alt=\"\" width=\"300\" height=\"75\" srcset=\"https:\/\/asso-6art-sonchamp.fr\/wp-content\/uploads\/2025\/08\/VjfvfshUKY998VH-1-300x75.png 300w, https:\/\/asso-6art-sonchamp.fr\/wp-content\/uploads\/2025\/08\/VjfvfshUKY998VH-1.png 449w\" sizes=\"auto, (max-width: 300px) 100vw, 300px\" \/><\/a><\/p>\n<p>&nbsp;<\/p>\n<p style=\"text-align: center;\"><strong><span style=\"color: #000000;\"><span style=\"color: #0000ff;\"><a style=\"color: #0000ff;\" href=\"https:\/\/www.photoweb.fr\/\" target=\"_blank\" rel=\"noopener\">Depuis 2017 :<\/a><\/span><\/span><\/strong><\/p>\n<p style=\"text-align: center;\"><a href=\"http:\/\/asso-6art-sonchamp.fr\/wp-content\/uploads\/2025\/08\/logo-72dpi-RVB-sans-marges.png\"><img data-attachment-id=\"2493\" data-permalink=\"https:\/\/asso-6art-sonchamp.fr\/index.php\/a-noter-sur-vos-tablettes\/logo-72dpi-rvb-sans-marges\/\" data-orig-file=\"https:\/\/asso-6art-sonchamp.fr\/wp-content\/uploads\/2025\/08\/logo-72dpi-RVB-sans-marges.png\" data-orig-size=\"1000,615\" data-comments-opened=\"0\" data-image-meta=\"{&quot;aperture&quot;:&quot;0&quot;,&quot;credit&quot;:&quot;&quot;,&quot;camera&quot;:&quot;&quot;,&quot;caption&quot;:&quot;&quot;,&quot;created_timestamp&quot;:&quot;0&quot;,&quot;copyright&quot;:&quot;&quot;,&quot;focal_length&quot;:&quot;0&quot;,&quot;iso&quot;:&quot;0&quot;,&quot;shutter_speed&quot;:&quot;0&quot;,&quot;title&quot;:&quot;&quot;,&quot;orientation&quot;:&quot;0&quot;}\" data-image-title=\"logo-72dpi-RVB-sans-marges\" data-image-description=\"\" data-image-caption=\"\" data-medium-file=\"https:\/\/asso-6art-sonchamp.fr\/wp-content\/uploads\/2025\/08\/logo-72dpi-RVB-sans-marges-300x185.png\" data-large-file=\"https:\/\/asso-6art-sonchamp.fr\/wp-content\/uploads\/2025\/08\/logo-72dpi-RVB-sans-marges.png\" loading=\"lazy\" decoding=\"async\" class=\"aligncenter wp-image-2493 size-medium\" src=\"http:\/\/asso-6art-sonchamp.fr\/wp-content\/uploads\/2025\/08\/logo-72dpi-RVB-sans-marges-300x185.png\" alt=\"\" width=\"300\" height=\"185\" srcset=\"https:\/\/asso-6art-sonchamp.fr\/wp-content\/uploads\/2025\/08\/logo-72dpi-RVB-sans-marges-300x185.png 300w, https:\/\/asso-6art-sonchamp.fr\/wp-content\/uploads\/2025\/08\/logo-72dpi-RVB-sans-marges-768x472.png 768w, https:\/\/asso-6art-sonchamp.fr\/wp-content\/uploads\/2025\/08\/logo-72dpi-RVB-sans-marges.png 1000w\" sizes=\"auto, (max-width: 300px) 100vw, 300px\" \/><\/a><\/p>\n<p>&nbsp;<\/p>\n<\/blockquote>\n<\/div>\n<\/div><\/div><\/div><\/div><div id=\"pgc-285-1-1\"  class=\"panel-grid-cell\" ><div id=\"panel-285-1-1-0\" class=\"so-panel widget widget_sow-editor panel-first-child panel-last-child\" data-index=\"3\" ><div style=\"padding: 20px;border: 1px solid #ed9468;\" class=\"panel-widget-style panel-widget-style-for-285-1-1-0\" ><div\n\t\t\t\n\t\t\tclass=\"so-widget-sow-editor so-widget-sow-editor-base\"\n\t\t\t\n\t\t>\n<div class=\"siteorigin-widget-tinymce textwidget\">\n\t<blockquote>\n<h1><span style=\"font-size: 24pt; color: #000000;\">PARTENAIRES du Gala 2025<\/span><\/h1>\n<p><a href=\"http:\/\/asso-6art-sonchamp.fr\/wp-content\/uploads\/2025\/08\/affiche-sponsors.jpg\"><img loading=\"lazy\" decoding=\"async\" class=\"alignleft size-thumbnail wp-image-2497\" src=\"http:\/\/asso-6art-sonchamp.fr\/wp-content\/uploads\/2025\/08\/affiche-sponsors.jpg\" alt=\"\" width=\"1\" height=\"1\" \/><\/a><a href=\"http:\/\/asso-6art-sonchamp.fr\/wp-content\/uploads\/2025\/08\/affiche-sponsors-Gala.jpg\"><img data-attachment-id=\"2503\" data-permalink=\"https:\/\/asso-6art-sonchamp.fr\/index.php\/a-noter-sur-vos-tablettes\/affiche-sponsors-gala\/\" data-orig-file=\"https:\/\/asso-6art-sonchamp.fr\/wp-content\/uploads\/2025\/08\/affiche-sponsors-Gala.jpg\" data-orig-size=\"914,1290\" data-comments-opened=\"0\" data-image-meta=\"{&quot;aperture&quot;:&quot;0&quot;,&quot;credit&quot;:&quot;&quot;,&quot;camera&quot;:&quot;&quot;,&quot;caption&quot;:&quot;&quot;,&quot;created_timestamp&quot;:&quot;0&quot;,&quot;copyright&quot;:&quot;&quot;,&quot;focal_length&quot;:&quot;0&quot;,&quot;iso&quot;:&quot;0&quot;,&quot;shutter_speed&quot;:&quot;0&quot;,&quot;title&quot;:&quot;&quot;,&quot;orientation&quot;:&quot;1&quot;}\" data-image-title=\"affiche sponsors Gala\" data-image-description=\"\" data-image-caption=\"\" data-medium-file=\"https:\/\/asso-6art-sonchamp.fr\/wp-content\/uploads\/2025\/08\/affiche-sponsors-Gala-213x300.jpg\" data-large-file=\"https:\/\/asso-6art-sonchamp.fr\/wp-content\/uploads\/2025\/08\/affiche-sponsors-Gala-726x1024.jpg\" loading=\"lazy\" decoding=\"async\" class=\"aligncenter wp-image-2503 size-large\" src=\"http:\/\/asso-6art-sonchamp.fr\/wp-content\/uploads\/2025\/08\/affiche-sponsors-Gala-726x1024.jpg\" alt=\"\" width=\"474\" height=\"669\" srcset=\"https:\/\/asso-6art-sonchamp.fr\/wp-content\/uploads\/2025\/08\/affiche-sponsors-Gala-726x1024.jpg 726w, https:\/\/asso-6art-sonchamp.fr\/wp-content\/uploads\/2025\/08\/affiche-sponsors-Gala-213x300.jpg 213w, https:\/\/asso-6art-sonchamp.fr\/wp-content\/uploads\/2025\/08\/affiche-sponsors-Gala-768x1084.jpg 768w, https:\/\/asso-6art-sonchamp.fr\/wp-content\/uploads\/2025\/08\/affiche-sponsors-Gala.jpg 914w\" sizes=\"auto, (max-width: 474px) 100vw, 474px\" \/><\/a><\/p>\n<\/blockquote>\n<\/div>\n<\/div><\/div><\/div><\/div><\/div><div id=\"pg-285-2\"  class=\"panel-grid panel-no-style\"  style=\"margin-bottom: 10px\" ><div id=\"pgc-285-2-0\"  class=\"panel-grid-cell\" ><div id=\"panel-285-2-0-0\" class=\"so-panel widget widget_sow-editor panel-first-child panel-last-child\" data-index=\"4\" ><div style=\"padding: 20px;border: 1px solid #000000;\" class=\"panel-widget-style panel-widget-style-for-285-2-0-0\" ><div\n\t\t\t\n\t\t\tclass=\"so-widget-sow-editor so-widget-sow-editor-base\"\n\t\t\t\n\t\t>\n<div class=\"siteorigin-widget-tinymce textwidget\">\n\t<h1 style=\"text-align: center;\">Retrouvez nos goodies personnalis\u00e9s<\/h1>\n<h1 style=\"text-align: center;\">avec pr\u00e9nom :<\/h1>\n<h1 style=\"text-align: center;\">sacs \u00e0 dos \u00e0 cordons<\/h1>\n<h1 style=\"text-align: center;\">et bouteilles inox 700 ml.<\/h1>\n<h5>\u00a0<\/h5>\n<h5 style=\"text-align: center;\"><span style=\"color: #000000;\"><strong>1\u00e8res Pr\u00e9-commandes sur <a style=\"color: #000000;\" href=\"https:\/\/www.helloasso.com\/associations\/association-sonchampoise-6eme-art\/boutiques\/les-goodies-de-l-association-6eme-art\" target=\"_blank\">Hello Asso<\/a> (jusqu'au30\/07\/2023) - Livraison au forum des associations<br \/> <\/strong><\/span><\/h5>\n<h5 style=\"text-align: center;\">Prochaines pr\u00e9-commandes \u00e0 la rentr\u00e9e<\/h5>\n<\/div>\n<\/div><\/div><\/div><\/div><div id=\"pgc-285-2-1\"  class=\"panel-grid-cell\" ><div id=\"panel-285-2-1-0\" class=\"so-panel widget widget_sow-editor panel-first-child panel-last-child\" data-index=\"5\" ><div style=\"padding: 20px;border-top: 1px solid #000000;border-right: 1px solid #000000;border-bottom: 1px solid #000000;border-left: 1px solid #000000;\" class=\"panel-widget-style panel-widget-style-for-285-2-1-0\" ><div\n\t\t\t\n\t\t\tclass=\"so-widget-sow-editor so-widget-sow-editor-base\"\n\t\t\t\n\t\t>\n<div class=\"siteorigin-widget-tinymce textwidget\">\n\t<p><a href=\"http:\/\/asso-6art-sonchamp.fr\/wp-content\/uploads\/2016\/02\/design-sans-titre-bc8521e85aad45faa902e834e95f0d55.jpg\" rel=\"attachment wp-att-2083\"><img data-attachment-id=\"2083\" data-permalink=\"https:\/\/asso-6art-sonchamp.fr\/index.php\/a-noter-sur-vos-tablettes\/design-sans-titre-bc8521e85aad45faa902e834e95f0d55\/\" data-orig-file=\"https:\/\/asso-6art-sonchamp.fr\/wp-content\/uploads\/2016\/02\/design-sans-titre-bc8521e85aad45faa902e834e95f0d55.jpg\" data-orig-size=\"703,352\" data-comments-opened=\"0\" data-image-meta=\"{&quot;aperture&quot;:&quot;0&quot;,&quot;credit&quot;:&quot;Elise da Gloria&quot;,&quot;camera&quot;:&quot;&quot;,&quot;caption&quot;:&quot;&quot;,&quot;created_timestamp&quot;:&quot;0&quot;,&quot;copyright&quot;:&quot;&quot;,&quot;focal_length&quot;:&quot;0&quot;,&quot;iso&quot;:&quot;0&quot;,&quot;shutter_speed&quot;:&quot;0&quot;,&quot;title&quot;:&quot;&quot;,&quot;orientation&quot;:&quot;1&quot;}\" data-image-title=\"design sans titre-bc8521e85aad45faa902e834e95f0d55\" data-image-description=\"\" data-image-caption=\"\" data-medium-file=\"https:\/\/asso-6art-sonchamp.fr\/wp-content\/uploads\/2016\/02\/design-sans-titre-bc8521e85aad45faa902e834e95f0d55-300x150.jpg\" data-large-file=\"https:\/\/asso-6art-sonchamp.fr\/wp-content\/uploads\/2016\/02\/design-sans-titre-bc8521e85aad45faa902e834e95f0d55.jpg\" loading=\"lazy\" decoding=\"async\" class=\"wp-image-2083 size-medium aligncenter\" src=\"http:\/\/asso-6art-sonchamp.fr\/wp-content\/uploads\/2016\/02\/design-sans-titre-bc8521e85aad45faa902e834e95f0d55-300x150.jpg\" alt=\"design sans titre-bc8521e85aad45faa902e834e95f0d55\" width=\"300\" height=\"150\" srcset=\"https:\/\/asso-6art-sonchamp.fr\/wp-content\/uploads\/2016\/02\/design-sans-titre-bc8521e85aad45faa902e834e95f0d55-300x150.jpg 300w, https:\/\/asso-6art-sonchamp.fr\/wp-content\/uploads\/2016\/02\/design-sans-titre-bc8521e85aad45faa902e834e95f0d55.jpg 703w\" sizes=\"auto, (max-width: 300px) 100vw, 300px\" \/><\/a><\/p>\n<p><a href=\"http:\/\/asso-6art-sonchamp.fr\/wp-content\/uploads\/2016\/02\/design-sans-titre-2-e268acdbdd074b7991cece0b4be653d8.jpg\" rel=\"attachment wp-att-2084\"><img data-attachment-id=\"2084\" data-permalink=\"https:\/\/asso-6art-sonchamp.fr\/index.php\/a-noter-sur-vos-tablettes\/design-sans-titre-2-e268acdbdd074b7991cece0b4be653d8\/\" data-orig-file=\"https:\/\/asso-6art-sonchamp.fr\/wp-content\/uploads\/2016\/02\/design-sans-titre-2-e268acdbdd074b7991cece0b4be653d8.jpg\" data-orig-size=\"706,352\" data-comments-opened=\"0\" data-image-meta=\"{&quot;aperture&quot;:&quot;0&quot;,&quot;credit&quot;:&quot;Elise da Gloria&quot;,&quot;camera&quot;:&quot;&quot;,&quot;caption&quot;:&quot;&quot;,&quot;created_timestamp&quot;:&quot;0&quot;,&quot;copyright&quot;:&quot;&quot;,&quot;focal_length&quot;:&quot;0&quot;,&quot;iso&quot;:&quot;0&quot;,&quot;shutter_speed&quot;:&quot;0&quot;,&quot;title&quot;:&quot;&quot;,&quot;orientation&quot;:&quot;1&quot;}\" data-image-title=\"design sans titre 2 -e268acdbdd074b7991cece0b4be653d8\" data-image-description=\"\" data-image-caption=\"\" data-medium-file=\"https:\/\/asso-6art-sonchamp.fr\/wp-content\/uploads\/2016\/02\/design-sans-titre-2-e268acdbdd074b7991cece0b4be653d8-300x150.jpg\" data-large-file=\"https:\/\/asso-6art-sonchamp.fr\/wp-content\/uploads\/2016\/02\/design-sans-titre-2-e268acdbdd074b7991cece0b4be653d8.jpg\" loading=\"lazy\" decoding=\"async\" class=\"wp-image-2084 size-medium aligncenter\" src=\"http:\/\/asso-6art-sonchamp.fr\/wp-content\/uploads\/2016\/02\/design-sans-titre-2-e268acdbdd074b7991cece0b4be653d8-300x150.jpg\" alt=\"design sans titre 2 -e268acdbdd074b7991cece0b4be653d8\" width=\"300\" height=\"150\" srcset=\"https:\/\/asso-6art-sonchamp.fr\/wp-content\/uploads\/2016\/02\/design-sans-titre-2-e268acdbdd074b7991cece0b4be653d8-300x150.jpg 300w, https:\/\/asso-6art-sonchamp.fr\/wp-content\/uploads\/2016\/02\/design-sans-titre-2-e268acdbdd074b7991cece0b4be653d8.jpg 706w\" sizes=\"auto, (max-width: 300px) 100vw, 300px\" \/><\/a><\/p>\n<\/div>\n<\/div><\/div><\/div><\/div><\/div><div id=\"pg-285-3\"  class=\"panel-grid panel-no-style\"  style=\"margin-bottom: 10px\" ><div id=\"pgc-285-3-0\"  class=\"panel-grid-cell\" ><div id=\"panel-285-3-0-0\" class=\"so-panel widget widget_sow-editor panel-first-child panel-last-child\" data-index=\"6\" ><div style=\"padding: 20px;\" class=\"panel-widget-style panel-widget-style-for-285-3-0-0\" ><div\n\t\t\t\n\t\t\tclass=\"so-widget-sow-editor so-widget-sow-editor-base\"\n\t\t\t\n\t\t>\n<div class=\"siteorigin-widget-tinymce textwidget\">\n\t<p><em>\u00a0Photos caroussel : \u00a9 F. Dhomm\u00e9e 2016<\/em><\/p>\n<\/div>\n<\/div><\/div><\/div><\/div><\/div><div id=\"pg-285-4\"  class=\"panel-grid panel-no-style\" ><div id=\"pgc-285-4-0\"  class=\"panel-grid-cell\" ><div id=\"panel-285-4-0-0\" class=\"so-panel widget widget_sow-editor panel-first-child panel-last-child\" data-index=\"7\" ><div style=\"padding: 20px;\" class=\"panel-widget-style panel-widget-style-for-285-4-0-0\" ><div\n\t\t\t\n\t\t\tclass=\"so-widget-sow-editor so-widget-sow-editor-base\"\n\t\t\t\n\t\t>\n<div class=\"siteorigin-widget-tinymce textwidget\">\n\t<p><iframe loading=\"lazy\" title=\"Happy Halloween - Meltin&#039;Skills\" width=\"474\" height=\"267\" src=\"https:\/\/www.youtube.com\/embed\/RiRCjkTdedY?feature=oembed\" frameborder=\"0\" allow=\"accelerometer; autoplay; clipboard-write; encrypted-media; gyroscope; picture-in-picture; web-share\" referrerpolicy=\"strict-origin-when-cross-origin\" allowfullscreen><\/iframe><\/p>\n<p>\u00a0<\/p>\n<p><iframe loading=\"lazy\" title=\"MELTIN&#039;SKILLS | World of Dance Paris 2019 | #WODFR\" width=\"474\" height=\"267\" src=\"https:\/\/www.youtube.com\/embed\/zOra43R2xRw?feature=oembed\" frameborder=\"0\" allow=\"accelerometer; autoplay; clipboard-write; encrypted-media; gyroscope; picture-in-picture; web-share\" referrerpolicy=\"strict-origin-when-cross-origin\" allowfullscreen><\/iframe><\/p>\n<\/div>\n<\/div><\/div><\/div><\/div><div id=\"pgc-285-4-1\"  class=\"panel-grid-cell\" ><div id=\"panel-285-4-1-0\" class=\"so-panel widget widget_sow-editor panel-first-child panel-last-child\" data-index=\"8\" ><div style=\"padding: 20px;\" class=\"panel-widget-style panel-widget-style-for-285-4-1-0\" ><div\n\t\t\t\n\t\t\tclass=\"so-widget-sow-editor so-widget-sow-editor-base\"\n\t\t\t\n\t\t>\n<div class=\"siteorigin-widget-tinymce textwidget\">\n\t<p><iframe loading=\"lazy\" title=\"Teaser Rio par Meltin&#039;Kidz 2023\" width=\"474\" height=\"267\" src=\"https:\/\/www.youtube.com\/embed\/qxKj6KSz2p0?feature=oembed\" frameborder=\"0\" allow=\"accelerometer; autoplay; clipboard-write; encrypted-media; gyroscope; picture-in-picture; web-share\" referrerpolicy=\"strict-origin-when-cross-origin\" allowfullscreen><\/iframe><\/p>\n<p>\u00a0<\/p>\n<p><iframe loading=\"lazy\" title=\"Meltin&#039;Kidz &quot;Makeba&quot;\" width=\"474\" height=\"267\" src=\"https:\/\/www.youtube.com\/embed\/rKS1poGRvic?feature=oembed\" frameborder=\"0\" allow=\"accelerometer; autoplay; clipboard-write; encrypted-media; gyroscope; picture-in-picture; web-share\" referrerpolicy=\"strict-origin-when-cross-origin\" allowfullscreen><\/iframe><\/p>\n<p>\u00a0<\/p>\n<p>\u00a0<\/p>\n<p>\u00a0<\/p>\n<\/div>\n<\/div><\/div><\/div><\/div><\/div><\/div>","protected":false},"excerpt":{"rendered":"<p>F\u00eate de fin d&rsquo;ann\u00e9e 2026 Retrouvez-nous\u00a0 Au Gymnase de Sonchamp WE du 20 &amp; 21 juin 2026 Bient\u00f4t tous les d\u00e9tails\u00a0 sur cette page. RETOUR SUR LE GALA de juin 2025 &nbsp; &#8211;&gt; Retour en images\u00a0 \u00a0et bient\u00f4t le film !!!! &nbsp; &nbsp; PARTENAIRES &nbsp; \u00a0 &nbsp; Depuis 2017 : &nbsp; PARTENAIRES du Gala 2025<\/p>\n","protected":false},"author":1,"featured_media":0,"parent":0,"menu_order":0,"comment_status":"closed","ping_status":"closed","template":"","meta":{"_acf_changed":false,"jetpack_post_was_ever_published":false,"footnotes":""},"class_list":["post-285","page","type-page","status-publish","hentry"],"acf":[],"jetpack_sharing_enabled":true,"jetpack_shortlink":"https:\/\/wp.me\/P6Yl4y-4B","jetpack-related-posts":[],"_links":{"self":[{"href":"https:\/\/asso-6art-sonchamp.fr\/index.php\/wp-json\/wp\/v2\/pages\/285","targetHints":{"allow":["GET"]}}],"collection":[{"href":"https:\/\/asso-6art-sonchamp.fr\/index.php\/wp-json\/wp\/v2\/pages"}],"about":[{"href":"https:\/\/asso-6art-sonchamp.fr\/index.php\/wp-json\/wp\/v2\/types\/page"}],"author":[{"embeddable":true,"href":"https:\/\/asso-6art-sonchamp.fr\/index.php\/wp-json\/wp\/v2\/users\/1"}],"replies":[{"embeddable":true,"href":"https:\/\/asso-6art-sonchamp.fr\/index.php\/wp-json\/wp\/v2\/comments?post=285"}],"version-history":[{"count":604,"href":"https:\/\/asso-6art-sonchamp.fr\/index.php\/wp-json\/wp\/v2\/pages\/285\/revisions"}],"predecessor-version":[{"id":2515,"href":"https:\/\/asso-6art-sonchamp.fr\/index.php\/wp-json\/wp\/v2\/pages\/285\/revisions\/2515"}],"wp:attachment":[{"href":"https:\/\/asso-6art-sonchamp.fr\/index.php\/wp-json\/wp\/v2\/media?parent=285"}],"curies":[{"name":"wp","href":"https:\/\/api.w.org\/{rel}","templated":true}]}}