{"id":2541,"date":"2026-04-25T19:05:15","date_gmt":"2026-04-25T18:05:15","guid":{"rendered":"https:\/\/asso-6art-sonchamp.fr\/?page_id=2541"},"modified":"2026-04-26T15:56:58","modified_gmt":"2026-04-26T14:56:58","slug":"meltinsk-1ere-generation","status":"publish","type":"page","link":"https:\/\/asso-6art-sonchamp.fr\/index.php\/les-compagnies\/meltinsk\/meltinsk-1ere-generation\/","title":{"rendered":"Meltin&rsquo;SK 1\u00e8re g\u00e9n\u00e9ration"},"content":{"rendered":"<div id=\"pl-2541\"  class=\"panel-layout\" ><div id=\"pg-2541-0\"  class=\"panel-grid panel-no-style\"  style=\"margin-bottom: 10px\" ><div id=\"pgc-2541-0-0\"  class=\"panel-grid-cell\" ><div id=\"panel-2541-0-0-0\" class=\"so-panel widget widget_sow-editor panel-first-child panel-last-child\" data-index=\"0\" ><div class=\"so-rounded panel-widget-style panel-widget-style-for-2541-0-0-0\" ><div\n\t\t\t\n\t\t\tclass=\"so-widget-sow-editor so-widget-sow-editor-base\"\n\t\t\t\n\t\t>\n<div class=\"siteorigin-widget-tinymce textwidget\">\n\t<p><span style=\"font-size: 14pt;\">A la rentr\u00e9e 2025, les 2 compagnies Hip-Hop de 6\u00e8me Art (<a href=\"https:\/\/asso-6art-sonchamp.fr\/index.php\/les-compagnies\/meltinkidz\/\"><span style=\"color: #ff6600;\">Meltin'Kidz<\/span><\/a> et <span style=\"color: #ff6600;\"><a style=\"color: #ff6600;\" href=\"https:\/\/asso-6art-sonchamp.fr\/index.php\/les-compagnies\/meltinskills\/\">Meltin'Skills<\/a><\/span>) fusionnent et deviennent Meltin'SK.<\/span><\/p>\n<p style=\"text-align: center;\"><span style=\"font-size: 14pt;\"><strong>Chor\u00e9graphies et direction par Justine Lambin<\/strong><\/span><\/p>\n<p>&nbsp;<\/p>\n<\/div>\n<\/div><\/div><\/div><\/div><\/div><div id=\"pg-2541-1\"  class=\"panel-grid panel-no-style\"  style=\"margin-bottom: 10px\" ><div id=\"pgc-2541-1-0\"  class=\"panel-grid-cell\" ><div id=\"panel-2541-1-0-0\" class=\"so-panel widget widget_sow-editor panel-first-child panel-last-child\" data-index=\"1\" ><div class=\"so-rounded panel-widget-style panel-widget-style-for-2541-1-0-0\" ><div\n\t\t\t\n\t\t\tclass=\"so-widget-sow-editor so-widget-sow-editor-base\"\n\t\t\t\n\t\t>\n<div class=\"siteorigin-widget-tinymce textwidget\">\n\t<p><a href=\"http:\/\/asso-6art-sonchamp.fr\/wp-content\/uploads\/2026\/04\/16-JUSTINE-scaled.jpg\"><img data-attachment-id=\"2523\" data-permalink=\"https:\/\/asso-6art-sonchamp.fr\/index.php\/les-compagnies\/meltinsk\/6eme-art-annee-2025-2026-17\/\" data-orig-file=\"https:\/\/asso-6art-sonchamp.fr\/wp-content\/uploads\/2026\/04\/16-JUSTINE-scaled.jpg\" data-orig-size=\"2560,1898\" data-comments-opened=\"0\" data-image-meta=\"{&quot;aperture&quot;:&quot;0&quot;,&quot;credit&quot;:&quot;melina_castin&quot;,&quot;camera&quot;:&quot;&quot;,&quot;caption&quot;:&quot;&quot;,&quot;created_timestamp&quot;:&quot;0&quot;,&quot;copyright&quot;:&quot;&quot;,&quot;focal_length&quot;:&quot;0&quot;,&quot;iso&quot;:&quot;0&quot;,&quot;shutter_speed&quot;:&quot;0&quot;,&quot;title&quot;:&quot;6eme Art - Ann\\u00e9e 2025\\\/2026 - 17&quot;,&quot;orientation&quot;:&quot;1&quot;}\" data-image-title=\"6eme Art &#8211; Ann\u00e9e 2025\/2026 &#8211; 17\" data-image-description=\"\" data-image-caption=\"\" data-medium-file=\"https:\/\/asso-6art-sonchamp.fr\/wp-content\/uploads\/2026\/04\/16-JUSTINE-300x222.jpg\" data-large-file=\"https:\/\/asso-6art-sonchamp.fr\/wp-content\/uploads\/2026\/04\/16-JUSTINE-1024x759.jpg\" loading=\"lazy\" decoding=\"async\" class=\"aligncenter wp-image-2523 size-large\" src=\"http:\/\/asso-6art-sonchamp.fr\/wp-content\/uploads\/2026\/04\/16-JUSTINE-1024x759.jpg\" alt=\"\" width=\"474\" height=\"351\" srcset=\"https:\/\/asso-6art-sonchamp.fr\/wp-content\/uploads\/2026\/04\/16-JUSTINE-1024x759.jpg 1024w, https:\/\/asso-6art-sonchamp.fr\/wp-content\/uploads\/2026\/04\/16-JUSTINE-300x222.jpg 300w, https:\/\/asso-6art-sonchamp.fr\/wp-content\/uploads\/2026\/04\/16-JUSTINE-768x569.jpg 768w, https:\/\/asso-6art-sonchamp.fr\/wp-content\/uploads\/2026\/04\/16-JUSTINE-1536x1139.jpg 1536w, https:\/\/asso-6art-sonchamp.fr\/wp-content\/uploads\/2026\/04\/16-JUSTINE-2048x1518.jpg 2048w\" sizes=\"auto, (max-width: 474px) 100vw, 474px\" \/><\/a><\/p>\n<\/div>\n<\/div><\/div><\/div><\/div><\/div><div id=\"pg-2541-2\"  class=\"panel-grid panel-no-style\"  style=\"margin-bottom: 10px\" ><div id=\"pgc-2541-2-0\"  class=\"panel-grid-cell\" ><div id=\"panel-2541-2-0-0\" class=\"so-panel widget widget_sow-editor panel-first-child panel-last-child\" data-index=\"2\" ><div class=\"so-rounded panel-widget-style panel-widget-style-for-2541-2-0-0\" ><div\n\t\t\t\n\t\t\tclass=\"so-widget-sow-editor so-widget-sow-editor-base\"\n\t\t\t\n\t\t>\n<div class=\"siteorigin-widget-tinymce textwidget\">\n\t<ul style=\"list-style-type: disc;\">\n<li><span style=\"font-size: 14pt;\"><strong>11 janvier 2026<\/strong> : Battle Be The One, Trappes (78)<\/span><\/li>\n<li><span style=\"font-size: 14pt;\"><strong>14 f\u00e9vrier 2026<\/strong>\u00a0: Concours CZ Coezion, Tigery (91)<\/span><\/li>\n<li><span style=\"font-size: 14pt;\"><strong>21 mars 2026 <\/strong>: World Step Contest, Coigni\u00e8res (78) <span style=\"color: #0000ff;\">--&gt; Prix Coup de c\u0153ur du Jury<\/span><\/span><\/li>\n<li><span style=\"font-size: 14pt;\"><strong>28 mars 2025<\/strong>\u00a0:\u00a0Pr\u00e9-s\u00e9lections HSH Contest, Soisy-sous-Momenrency (95)<\/span><\/li>\n<li><span style=\"font-size: 14pt;\"><strong>4 avril 2026<\/strong> : Next Urban Legend, Sevran (93)<\/span><\/li>\n<li><span style=\"font-size: 14pt;\"><strong>11 avril 2025<\/strong> : Concours HSH Contest, Soisy-sous-Momenrency (95)<\/span><\/li>\n<li><span style=\"font-size: 14pt;\"><strong>19 avril 2025<\/strong> : Battle from SQY, Guyancourt (78)\u00a0<span style=\"color: #0000ff;\">--&gt; 2\u00e8me place<\/span><\/span><\/li>\n<\/ul>\n<\/div>\n<\/div><\/div><\/div><\/div><\/div><div id=\"pg-2541-3\"  class=\"panel-grid panel-no-style\"  style=\"margin-bottom: 10px\" ><div id=\"pgc-2541-3-0\"  class=\"panel-grid-cell\" ><div id=\"panel-2541-3-0-0\" class=\"so-panel widget widget_sow-editor panel-first-child panel-last-child\" data-index=\"3\" ><div class=\"so-rounded panel-widget-style panel-widget-style-for-2541-3-0-0\" ><div\n\t\t\t\n\t\t\tclass=\"so-widget-sow-editor so-widget-sow-editor-base\"\n\t\t\t\n\t\t>\n<div class=\"siteorigin-widget-tinymce textwidget\">\n\t<p><a href=\"http:\/\/asso-6art-sonchamp.fr\/wp-content\/uploads\/2026\/04\/WhatsApp-Image-2026-04-13-at-15.23.02.jpeg\"><img data-attachment-id=\"2561\" data-permalink=\"https:\/\/asso-6art-sonchamp.fr\/index.php\/les-compagnies\/meltinsk\/meltinsk-1ere-generation\/whatsapp-image-2026-04-13-at-15-23-02\/\" data-orig-file=\"https:\/\/asso-6art-sonchamp.fr\/wp-content\/uploads\/2026\/04\/WhatsApp-Image-2026-04-13-at-15.23.02.jpeg\" data-orig-size=\"1090,1320\" data-comments-opened=\"0\" data-image-meta=\"{&quot;aperture&quot;:&quot;0&quot;,&quot;credit&quot;:&quot;&quot;,&quot;camera&quot;:&quot;&quot;,&quot;caption&quot;:&quot;&quot;,&quot;created_timestamp&quot;:&quot;0&quot;,&quot;copyright&quot;:&quot;&quot;,&quot;focal_length&quot;:&quot;0&quot;,&quot;iso&quot;:&quot;0&quot;,&quot;shutter_speed&quot;:&quot;0&quot;,&quot;title&quot;:&quot;&quot;,&quot;orientation&quot;:&quot;0&quot;}\" data-image-title=\"WhatsApp Image 2026-04-13 at 15.23.02\" data-image-description=\"\" data-image-caption=\"\" data-medium-file=\"https:\/\/asso-6art-sonchamp.fr\/wp-content\/uploads\/2026\/04\/WhatsApp-Image-2026-04-13-at-15.23.02-248x300.jpeg\" data-large-file=\"https:\/\/asso-6art-sonchamp.fr\/wp-content\/uploads\/2026\/04\/WhatsApp-Image-2026-04-13-at-15.23.02-846x1024.jpeg\" loading=\"lazy\" decoding=\"async\" class=\"aligncenter wp-image-2561 size-medium\" src=\"http:\/\/asso-6art-sonchamp.fr\/wp-content\/uploads\/2026\/04\/WhatsApp-Image-2026-04-13-at-15.23.02-248x300.jpeg\" alt=\"\" width=\"248\" height=\"300\" srcset=\"https:\/\/asso-6art-sonchamp.fr\/wp-content\/uploads\/2026\/04\/WhatsApp-Image-2026-04-13-at-15.23.02-248x300.jpeg 248w, https:\/\/asso-6art-sonchamp.fr\/wp-content\/uploads\/2026\/04\/WhatsApp-Image-2026-04-13-at-15.23.02-846x1024.jpeg 846w, https:\/\/asso-6art-sonchamp.fr\/wp-content\/uploads\/2026\/04\/WhatsApp-Image-2026-04-13-at-15.23.02-768x930.jpeg 768w, https:\/\/asso-6art-sonchamp.fr\/wp-content\/uploads\/2026\/04\/WhatsApp-Image-2026-04-13-at-15.23.02.jpeg 1090w\" sizes=\"auto, (max-width: 248px) 100vw, 248px\" \/><\/a><\/p>\n<\/div>\n<\/div><\/div><\/div><\/div><div id=\"pgc-2541-3-1\"  class=\"panel-grid-cell\" ><div id=\"panel-2541-3-1-0\" class=\"so-panel widget widget_sow-editor panel-first-child panel-last-child\" data-index=\"4\" ><div class=\"so-rounded panel-widget-style panel-widget-style-for-2541-3-1-0\" ><div\n\t\t\t\n\t\t\tclass=\"so-widget-sow-editor so-widget-sow-editor-base\"\n\t\t\t\n\t\t>\n<div class=\"siteorigin-widget-tinymce textwidget\">\n\t<p><a href=\"http:\/\/asso-6art-sonchamp.fr\/wp-content\/uploads\/2026\/04\/WhatsApp-Image-2026-04-12-at-02.41.06.jpeg\"><img data-attachment-id=\"2560\" data-permalink=\"https:\/\/asso-6art-sonchamp.fr\/index.php\/les-compagnies\/meltinsk\/meltinsk-1ere-generation\/whatsapp-image-2026-04-12-at-02-41-06\/\" data-orig-file=\"https:\/\/asso-6art-sonchamp.fr\/wp-content\/uploads\/2026\/04\/WhatsApp-Image-2026-04-12-at-02.41.06-e1777214639383.jpeg\" data-orig-size=\"1200,1100\" data-comments-opened=\"0\" data-image-meta=\"{&quot;aperture&quot;:&quot;0&quot;,&quot;credit&quot;:&quot;&quot;,&quot;camera&quot;:&quot;&quot;,&quot;caption&quot;:&quot;&quot;,&quot;created_timestamp&quot;:&quot;0&quot;,&quot;copyright&quot;:&quot;&quot;,&quot;focal_length&quot;:&quot;0&quot;,&quot;iso&quot;:&quot;0&quot;,&quot;shutter_speed&quot;:&quot;0&quot;,&quot;title&quot;:&quot;&quot;,&quot;orientation&quot;:&quot;0&quot;}\" data-image-title=\"WhatsApp Image 2026-04-12 at 02.41.06\" data-image-description=\"\" data-image-caption=\"\" data-medium-file=\"https:\/\/asso-6art-sonchamp.fr\/wp-content\/uploads\/2026\/04\/WhatsApp-Image-2026-04-12-at-02.41.06-e1777214639383-300x275.jpeg\" data-large-file=\"https:\/\/asso-6art-sonchamp.fr\/wp-content\/uploads\/2026\/04\/WhatsApp-Image-2026-04-12-at-02.41.06-e1777214639383-1024x939.jpeg\" loading=\"lazy\" decoding=\"async\" class=\"aligncenter wp-image-2560 size-medium\" src=\"http:\/\/asso-6art-sonchamp.fr\/wp-content\/uploads\/2026\/04\/WhatsApp-Image-2026-04-12-at-02.41.06-e1777214639383-300x275.jpeg\" alt=\"\" width=\"300\" height=\"275\" srcset=\"https:\/\/asso-6art-sonchamp.fr\/wp-content\/uploads\/2026\/04\/WhatsApp-Image-2026-04-12-at-02.41.06-e1777214639383-300x275.jpeg 300w, https:\/\/asso-6art-sonchamp.fr\/wp-content\/uploads\/2026\/04\/WhatsApp-Image-2026-04-12-at-02.41.06-e1777214639383-1024x939.jpeg 1024w, https:\/\/asso-6art-sonchamp.fr\/wp-content\/uploads\/2026\/04\/WhatsApp-Image-2026-04-12-at-02.41.06-e1777214639383-768x704.jpeg 768w, https:\/\/asso-6art-sonchamp.fr\/wp-content\/uploads\/2026\/04\/WhatsApp-Image-2026-04-12-at-02.41.06-e1777214639383.jpeg 1200w\" sizes=\"auto, (max-width: 300px) 100vw, 300px\" \/><\/a><\/p>\n<\/div>\n<\/div><\/div><\/div><\/div><div id=\"pgc-2541-3-2\"  class=\"panel-grid-cell\" ><div id=\"panel-2541-3-2-0\" class=\"so-panel widget widget_sow-editor panel-first-child panel-last-child\" data-index=\"5\" ><div class=\"so-rounded panel-widget-style panel-widget-style-for-2541-3-2-0\" ><div\n\t\t\t\n\t\t\tclass=\"so-widget-sow-editor so-widget-sow-editor-base\"\n\t\t\t\n\t\t>\n<div class=\"siteorigin-widget-tinymce textwidget\">\n\t<p><a href=\"http:\/\/asso-6art-sonchamp.fr\/wp-content\/uploads\/2026\/04\/WhatsApp-Image-2026-03-21-at-22.44.47.jpeg\"><img data-attachment-id=\"2567\" data-permalink=\"https:\/\/asso-6art-sonchamp.fr\/index.php\/les-compagnies\/meltinsk\/meltinsk-1ere-generation\/whatsapp-image-2026-03-21-at-22-44-47\/\" data-orig-file=\"https:\/\/asso-6art-sonchamp.fr\/wp-content\/uploads\/2026\/04\/WhatsApp-Image-2026-03-21-at-22.44.47.jpeg\" data-orig-size=\"1600,1200\" data-comments-opened=\"0\" data-image-meta=\"{&quot;aperture&quot;:&quot;0&quot;,&quot;credit&quot;:&quot;&quot;,&quot;camera&quot;:&quot;&quot;,&quot;caption&quot;:&quot;&quot;,&quot;created_timestamp&quot;:&quot;0&quot;,&quot;copyright&quot;:&quot;&quot;,&quot;focal_length&quot;:&quot;0&quot;,&quot;iso&quot;:&quot;0&quot;,&quot;shutter_speed&quot;:&quot;0&quot;,&quot;title&quot;:&quot;&quot;,&quot;orientation&quot;:&quot;0&quot;}\" data-image-title=\"WhatsApp Image 2026-03-21 at 22.44.47\" data-image-description=\"\" data-image-caption=\"\" data-medium-file=\"https:\/\/asso-6art-sonchamp.fr\/wp-content\/uploads\/2026\/04\/WhatsApp-Image-2026-03-21-at-22.44.47-300x225.jpeg\" data-large-file=\"https:\/\/asso-6art-sonchamp.fr\/wp-content\/uploads\/2026\/04\/WhatsApp-Image-2026-03-21-at-22.44.47-1024x768.jpeg\" loading=\"lazy\" decoding=\"async\" class=\"aligncenter wp-image-2567 size-medium\" src=\"http:\/\/asso-6art-sonchamp.fr\/wp-content\/uploads\/2026\/04\/WhatsApp-Image-2026-03-21-at-22.44.47-300x225.jpeg\" alt=\"\" width=\"300\" height=\"225\" srcset=\"https:\/\/asso-6art-sonchamp.fr\/wp-content\/uploads\/2026\/04\/WhatsApp-Image-2026-03-21-at-22.44.47-300x225.jpeg 300w, https:\/\/asso-6art-sonchamp.fr\/wp-content\/uploads\/2026\/04\/WhatsApp-Image-2026-03-21-at-22.44.47-1024x768.jpeg 1024w, https:\/\/asso-6art-sonchamp.fr\/wp-content\/uploads\/2026\/04\/WhatsApp-Image-2026-03-21-at-22.44.47-768x576.jpeg 768w, https:\/\/asso-6art-sonchamp.fr\/wp-content\/uploads\/2026\/04\/WhatsApp-Image-2026-03-21-at-22.44.47-1536x1152.jpeg 1536w, https:\/\/asso-6art-sonchamp.fr\/wp-content\/uploads\/2026\/04\/WhatsApp-Image-2026-03-21-at-22.44.47.jpeg 1600w\" sizes=\"auto, (max-width: 300px) 100vw, 300px\" \/><\/a><\/p>\n<\/div>\n<\/div><\/div><\/div><\/div><\/div><div id=\"pg-2541-4\"  class=\"panel-grid panel-no-style\" ><div id=\"pgc-2541-4-0\"  class=\"panel-grid-cell\" ><div id=\"panel-2541-4-0-0\" class=\"so-panel widget widget_sow-editor panel-first-child panel-last-child\" data-index=\"6\" ><div class=\"so-rounded panel-widget-style panel-widget-style-for-2541-4-0-0\" ><div\n\t\t\t\n\t\t\tclass=\"so-widget-sow-editor so-widget-sow-editor-base\"\n\t\t\t\n\t\t>\n<div class=\"siteorigin-widget-tinymce textwidget\">\n\t<p><a href=\"http:\/\/asso-6art-sonchamp.fr\/wp-content\/uploads\/2026\/04\/photo-wsc-2.jpeg\"><img data-attachment-id=\"2559\" data-permalink=\"https:\/\/asso-6art-sonchamp.fr\/index.php\/les-compagnies\/meltinsk\/meltinsk-1ere-generation\/photo-wsc-2\/\" data-orig-file=\"https:\/\/asso-6art-sonchamp.fr\/wp-content\/uploads\/2026\/04\/photo-wsc-2.jpeg\" data-orig-size=\"1600,1200\" data-comments-opened=\"0\" data-image-meta=\"{&quot;aperture&quot;:&quot;0&quot;,&quot;credit&quot;:&quot;&quot;,&quot;camera&quot;:&quot;&quot;,&quot;caption&quot;:&quot;&quot;,&quot;created_timestamp&quot;:&quot;0&quot;,&quot;copyright&quot;:&quot;&quot;,&quot;focal_length&quot;:&quot;0&quot;,&quot;iso&quot;:&quot;0&quot;,&quot;shutter_speed&quot;:&quot;0&quot;,&quot;title&quot;:&quot;&quot;,&quot;orientation&quot;:&quot;0&quot;}\" data-image-title=\"photo wsc 2\" data-image-description=\"\" data-image-caption=\"\" data-medium-file=\"https:\/\/asso-6art-sonchamp.fr\/wp-content\/uploads\/2026\/04\/photo-wsc-2-300x225.jpeg\" data-large-file=\"https:\/\/asso-6art-sonchamp.fr\/wp-content\/uploads\/2026\/04\/photo-wsc-2-1024x768.jpeg\" loading=\"lazy\" decoding=\"async\" class=\"aligncenter wp-image-2559 size-medium\" src=\"http:\/\/asso-6art-sonchamp.fr\/wp-content\/uploads\/2026\/04\/photo-wsc-2-300x225.jpeg\" alt=\"\" width=\"300\" height=\"225\" srcset=\"https:\/\/asso-6art-sonchamp.fr\/wp-content\/uploads\/2026\/04\/photo-wsc-2-300x225.jpeg 300w, https:\/\/asso-6art-sonchamp.fr\/wp-content\/uploads\/2026\/04\/photo-wsc-2-1024x768.jpeg 1024w, https:\/\/asso-6art-sonchamp.fr\/wp-content\/uploads\/2026\/04\/photo-wsc-2-768x576.jpeg 768w, https:\/\/asso-6art-sonchamp.fr\/wp-content\/uploads\/2026\/04\/photo-wsc-2-1536x1152.jpeg 1536w, https:\/\/asso-6art-sonchamp.fr\/wp-content\/uploads\/2026\/04\/photo-wsc-2.jpeg 1600w\" sizes=\"auto, (max-width: 300px) 100vw, 300px\" \/><\/a><\/p>\n<\/div>\n<\/div><\/div><\/div><\/div><div id=\"pgc-2541-4-1\"  class=\"panel-grid-cell\" ><div id=\"panel-2541-4-1-0\" class=\"so-panel widget widget_sow-editor panel-first-child panel-last-child\" data-index=\"7\" ><div class=\"so-rounded panel-widget-style panel-widget-style-for-2541-4-1-0\" ><div\n\t\t\t\n\t\t\tclass=\"so-widget-sow-editor so-widget-sow-editor-base\"\n\t\t\t\n\t\t>\n<div class=\"siteorigin-widget-tinymce textwidget\">\n\t<p><a href=\"http:\/\/asso-6art-sonchamp.fr\/wp-content\/uploads\/2026\/04\/SQY-4-scaled.jpeg\"><img data-attachment-id=\"2565\" data-permalink=\"https:\/\/asso-6art-sonchamp.fr\/index.php\/les-compagnies\/meltinsk\/meltinsk-1ere-generation\/sqy-4\/\" data-orig-file=\"https:\/\/asso-6art-sonchamp.fr\/wp-content\/uploads\/2026\/04\/SQY-4-scaled.jpeg\" data-orig-size=\"2398,2560\" data-comments-opened=\"0\" data-image-meta=\"{&quot;aperture&quot;:&quot;0&quot;,&quot;credit&quot;:&quot;&quot;,&quot;camera&quot;:&quot;&quot;,&quot;caption&quot;:&quot;&quot;,&quot;created_timestamp&quot;:&quot;0&quot;,&quot;copyright&quot;:&quot;&quot;,&quot;focal_length&quot;:&quot;0&quot;,&quot;iso&quot;:&quot;0&quot;,&quot;shutter_speed&quot;:&quot;0&quot;,&quot;title&quot;:&quot;&quot;,&quot;orientation&quot;:&quot;0&quot;}\" data-image-title=\"SQY 4\" data-image-description=\"\" data-image-caption=\"\" data-medium-file=\"https:\/\/asso-6art-sonchamp.fr\/wp-content\/uploads\/2026\/04\/SQY-4-281x300.jpeg\" data-large-file=\"https:\/\/asso-6art-sonchamp.fr\/wp-content\/uploads\/2026\/04\/SQY-4-959x1024.jpeg\" loading=\"lazy\" decoding=\"async\" class=\"aligncenter wp-image-2565 size-medium\" src=\"http:\/\/asso-6art-sonchamp.fr\/wp-content\/uploads\/2026\/04\/SQY-4-281x300.jpeg\" alt=\"\" width=\"281\" height=\"300\" srcset=\"https:\/\/asso-6art-sonchamp.fr\/wp-content\/uploads\/2026\/04\/SQY-4-281x300.jpeg 281w, https:\/\/asso-6art-sonchamp.fr\/wp-content\/uploads\/2026\/04\/SQY-4-959x1024.jpeg 959w, https:\/\/asso-6art-sonchamp.fr\/wp-content\/uploads\/2026\/04\/SQY-4-768x820.jpeg 768w, https:\/\/asso-6art-sonchamp.fr\/wp-content\/uploads\/2026\/04\/SQY-4-1439x1536.jpeg 1439w, https:\/\/asso-6art-sonchamp.fr\/wp-content\/uploads\/2026\/04\/SQY-4-1919x2048.jpeg 1919w\" sizes=\"auto, (max-width: 281px) 100vw, 281px\" \/><\/a><\/p>\n<\/div>\n<\/div><\/div><\/div><\/div><div id=\"pgc-2541-4-2\"  class=\"panel-grid-cell\" ><div id=\"panel-2541-4-2-0\" class=\"so-panel widget widget_sow-editor panel-first-child panel-last-child\" data-index=\"8\" ><div class=\"so-rounded panel-widget-style panel-widget-style-for-2541-4-2-0\" ><div\n\t\t\t\n\t\t\tclass=\"so-widget-sow-editor so-widget-sow-editor-base\"\n\t\t\t\n\t\t>\n<div class=\"siteorigin-widget-tinymce textwidget\">\n\t<\/div>\n<\/div><\/div><\/div><\/div><\/div><\/div>","protected":false},"excerpt":{"rendered":"<p>A la rentr\u00e9e 2025, les 2 compagnies Hip-Hop de 6\u00e8me Art (Meltin&rsquo;Kidz et Meltin&rsquo;Skills) fusionnent et deviennent Meltin&rsquo;SK. Chor\u00e9graphies et direction par Justine Lambin &nbsp;<\/p>\n","protected":false},"author":1,"featured_media":0,"parent":2521,"menu_order":0,"comment_status":"closed","ping_status":"closed","template":"","meta":{"_acf_changed":false,"jetpack_post_was_ever_published":false,"footnotes":""},"class_list":["post-2541","page","type-page","status-publish","hentry"],"acf":[],"jetpack_sharing_enabled":true,"jetpack_shortlink":"https:\/\/wp.me\/P6Yl4y-EZ","jetpack-related-posts":[],"_links":{"self":[{"href":"https:\/\/asso-6art-sonchamp.fr\/index.php\/wp-json\/wp\/v2\/pages\/2541","targetHints":{"allow":["GET"]}}],"collection":[{"href":"https:\/\/asso-6art-sonchamp.fr\/index.php\/wp-json\/wp\/v2\/pages"}],"about":[{"href":"https:\/\/asso-6art-sonchamp.fr\/index.php\/wp-json\/wp\/v2\/types\/page"}],"author":[{"embeddable":true,"href":"https:\/\/asso-6art-sonchamp.fr\/index.php\/wp-json\/wp\/v2\/users\/1"}],"replies":[{"embeddable":true,"href":"https:\/\/asso-6art-sonchamp.fr\/index.php\/wp-json\/wp\/v2\/comments?post=2541"}],"version-history":[{"count":16,"href":"https:\/\/asso-6art-sonchamp.fr\/index.php\/wp-json\/wp\/v2\/pages\/2541\/revisions"}],"predecessor-version":[{"id":2569,"href":"https:\/\/asso-6art-sonchamp.fr\/index.php\/wp-json\/wp\/v2\/pages\/2541\/revisions\/2569"}],"up":[{"embeddable":true,"href":"https:\/\/asso-6art-sonchamp.fr\/index.php\/wp-json\/wp\/v2\/pages\/2521"}],"wp:attachment":[{"href":"https:\/\/asso-6art-sonchamp.fr\/index.php\/wp-json\/wp\/v2\/media?parent=2541"}],"curies":[{"name":"wp","href":"https:\/\/api.w.org\/{rel}","templated":true}]}}