{"id":2521,"date":"2026-04-24T21:25:05","date_gmt":"2026-04-24T20:25:05","guid":{"rendered":"https:\/\/asso-6art-sonchamp.fr\/?page_id=2521"},"modified":"2026-04-26T13:58:41","modified_gmt":"2026-04-26T12:58:41","slug":"meltinsk","status":"publish","type":"page","link":"https:\/\/asso-6art-sonchamp.fr\/index.php\/les-compagnies\/meltinsk\/","title":{"rendered":"Meltin&rsquo;SK"},"content":{"rendered":"<div id=\"pl-2521\"  class=\"panel-layout\" ><div id=\"pg-2521-0\"  class=\"panel-grid panel-no-style\" ><div id=\"pgc-2521-0-0\"  class=\"panel-grid-cell panel-grid-cell-mobile-last\" ><div id=\"panel-2521-0-0-0\" class=\"so-panel widget widget_sow-editor panel-first-child panel-last-child\" data-index=\"0\" ><div style=\"padding: 20px 20px 20px 20px;\" class=\"panel-widget-style panel-widget-style-for-2521-0-0-0\" ><div\n\t\t\t\n\t\t\tclass=\"so-widget-sow-editor so-widget-sow-editor-base\"\n\t\t\t\n\t\t>\n<div class=\"siteorigin-widget-tinymce textwidget\">\n\t<h2 style=\"text-align: center;\"><span style=\"color: #ff6600;\"><a style=\"color: #ff6600;\" href=\"https:\/\/asso-6art-sonchamp.fr\/index.php\/meltinsk-1ere-generation\/\"><span style=\"color: #000000;\">Meltin'SK, 1\u00e8re g\u00e9n\u00e9ration<\/span><\/a><\/span><a href=\"http:\/\/asso-6art-sonchamp.fr\/wp-content\/uploads\/2026\/04\/16-JUSTINE-scaled.jpg\"><img data-attachment-id=\"2523\" data-permalink=\"https:\/\/asso-6art-sonchamp.fr\/index.php\/les-compagnies\/meltinsk\/6eme-art-annee-2025-2026-17\/\" data-orig-file=\"https:\/\/asso-6art-sonchamp.fr\/wp-content\/uploads\/2026\/04\/16-JUSTINE-scaled.jpg\" data-orig-size=\"2560,1898\" data-comments-opened=\"0\" data-image-meta=\"{&quot;aperture&quot;:&quot;0&quot;,&quot;credit&quot;:&quot;melina_castin&quot;,&quot;camera&quot;:&quot;&quot;,&quot;caption&quot;:&quot;&quot;,&quot;created_timestamp&quot;:&quot;0&quot;,&quot;copyright&quot;:&quot;&quot;,&quot;focal_length&quot;:&quot;0&quot;,&quot;iso&quot;:&quot;0&quot;,&quot;shutter_speed&quot;:&quot;0&quot;,&quot;title&quot;:&quot;6eme Art - Ann\\u00e9e 2025\\\/2026 - 17&quot;,&quot;orientation&quot;:&quot;1&quot;}\" data-image-title=\"6eme Art &#8211; Ann\u00e9e 2025\/2026 &#8211; 17\" data-image-description=\"\" data-image-caption=\"\" data-medium-file=\"https:\/\/asso-6art-sonchamp.fr\/wp-content\/uploads\/2026\/04\/16-JUSTINE-300x222.jpg\" data-large-file=\"https:\/\/asso-6art-sonchamp.fr\/wp-content\/uploads\/2026\/04\/16-JUSTINE-1024x759.jpg\" loading=\"lazy\" decoding=\"async\" class=\"aligncenter wp-image-2523 size-medium\" src=\"http:\/\/asso-6art-sonchamp.fr\/wp-content\/uploads\/2026\/04\/16-JUSTINE-300x222.jpg\" alt=\"\" width=\"300\" height=\"222\" srcset=\"https:\/\/asso-6art-sonchamp.fr\/wp-content\/uploads\/2026\/04\/16-JUSTINE-300x222.jpg 300w, https:\/\/asso-6art-sonchamp.fr\/wp-content\/uploads\/2026\/04\/16-JUSTINE-1024x759.jpg 1024w, https:\/\/asso-6art-sonchamp.fr\/wp-content\/uploads\/2026\/04\/16-JUSTINE-768x569.jpg 768w, https:\/\/asso-6art-sonchamp.fr\/wp-content\/uploads\/2026\/04\/16-JUSTINE-1536x1139.jpg 1536w, https:\/\/asso-6art-sonchamp.fr\/wp-content\/uploads\/2026\/04\/16-JUSTINE-2048x1518.jpg 2048w\" sizes=\"auto, (max-width: 300px) 100vw, 300px\" \/><\/a><\/h2>\n<p><strong><em>Nathan Bouquet (2025)<\/em><\/strong><strong><em>, Angelina Charpentier (2025), <\/em><\/strong><strong><em>Emma Giry (2025), Elisa Lanuza (2025), <\/em><\/strong><strong><em>Elsa Lienhardt (2025), <\/em><\/strong><strong><em>Eva Mohar (2025), Cellenda Racon (2025), Lisa Raviot (2026), Manon Reumaux (2025), Capucine Tritten (2025).<\/em><\/strong><\/p>\n<p><strong>Chor\u00e9graphies et direction par Justine Lambin<\/strong><\/p>\n<\/div>\n<\/div><\/div><\/div><\/div><div id=\"pgc-2521-0-1\"  class=\"panel-grid-cell panel-grid-cell-empty\" ><\/div><\/div><\/div>","protected":false},"excerpt":{"rendered":"<p>Meltin&rsquo;SK, 1\u00e8re g\u00e9n\u00e9ration Nathan Bouquet (2025), Angelina Charpentier (2025), Emma Giry (2025), Elisa Lanuza (2025), Elsa Lienhardt (2025), Eva Mohar (2025), Cellenda Racon (2025), Lisa Raviot (2026), Manon Reumaux (2025), Capucine Tritten (2025). Chor\u00e9graphies et direction par Justine Lambin<\/p>\n","protected":false},"author":1,"featured_media":0,"parent":98,"menu_order":0,"comment_status":"closed","ping_status":"closed","template":"","meta":{"_acf_changed":false,"jetpack_post_was_ever_published":false,"footnotes":""},"class_list":["post-2521","page","type-page","status-publish","hentry"],"acf":[],"jetpack_sharing_enabled":true,"jetpack_shortlink":"https:\/\/wp.me\/P6Yl4y-EF","jetpack-related-posts":[],"_links":{"self":[{"href":"https:\/\/asso-6art-sonchamp.fr\/index.php\/wp-json\/wp\/v2\/pages\/2521","targetHints":{"allow":["GET"]}}],"collection":[{"href":"https:\/\/asso-6art-sonchamp.fr\/index.php\/wp-json\/wp\/v2\/pages"}],"about":[{"href":"https:\/\/asso-6art-sonchamp.fr\/index.php\/wp-json\/wp\/v2\/types\/page"}],"author":[{"embeddable":true,"href":"https:\/\/asso-6art-sonchamp.fr\/index.php\/wp-json\/wp\/v2\/users\/1"}],"replies":[{"embeddable":true,"href":"https:\/\/asso-6art-sonchamp.fr\/index.php\/wp-json\/wp\/v2\/comments?post=2521"}],"version-history":[{"count":7,"href":"https:\/\/asso-6art-sonchamp.fr\/index.php\/wp-json\/wp\/v2\/pages\/2521\/revisions"}],"predecessor-version":[{"id":2554,"href":"https:\/\/asso-6art-sonchamp.fr\/index.php\/wp-json\/wp\/v2\/pages\/2521\/revisions\/2554"}],"up":[{"embeddable":true,"href":"https:\/\/asso-6art-sonchamp.fr\/index.php\/wp-json\/wp\/v2\/pages\/98"}],"wp:attachment":[{"href":"https:\/\/asso-6art-sonchamp.fr\/index.php\/wp-json\/wp\/v2\/media?parent=2521"}],"curies":[{"name":"wp","href":"https:\/\/api.w.org\/{rel}","templated":true}]}}