{"id":224,"date":"2016-01-29T15:27:13","date_gmt":"2016-01-29T14:27:13","guid":{"rendered":"http:\/\/asso-6art-sonchamp.fr\/?page_id=224"},"modified":"2023-07-02T18:19:07","modified_gmt":"2023-07-02T17:19:07","slug":"skills-gene1-2","status":"publish","type":"page","link":"https:\/\/asso-6art-sonchamp.fr\/index.php\/les-compagnies\/meltinskills\/skills-gene1-2\/","title":{"rendered":"Meltin&rsquo;Skills 1\u00e8re g\u00e9n\u00e9ration"},"content":{"rendered":"<p style=\"text-align: center;\"><strong>Chor\u00e9graphies et direction par Sandrine Guilhem<\/strong><\/p>\n<p style=\"text-align: center;\"><a href=\"http:\/\/asso-6art-sonchamp.fr\/wp-content\/uploads\/2016\/02\/IMG_3032.jpg\" rel=\"attachment wp-att-1260\"><img loading=\"lazy\" decoding=\"async\" data-attachment-id=\"1260\" data-permalink=\"https:\/\/asso-6art-sonchamp.fr\/index.php\/a-noter-sur-vos-tablettes\/img_3032\/\" data-orig-file=\"https:\/\/asso-6art-sonchamp.fr\/wp-content\/uploads\/2016\/02\/IMG_3032.jpg\" data-orig-size=\"1440,1080\" data-comments-opened=\"0\" data-image-meta=\"{&quot;aperture&quot;:&quot;0&quot;,&quot;credit&quot;:&quot;&quot;,&quot;camera&quot;:&quot;&quot;,&quot;caption&quot;:&quot;&quot;,&quot;created_timestamp&quot;:&quot;0&quot;,&quot;copyright&quot;:&quot;&quot;,&quot;focal_length&quot;:&quot;0&quot;,&quot;iso&quot;:&quot;0&quot;,&quot;shutter_speed&quot;:&quot;0&quot;,&quot;title&quot;:&quot;&quot;,&quot;orientation&quot;:&quot;0&quot;}\" data-image-title=\"IMG_3032\" data-image-description=\"\" data-image-caption=\"\" data-medium-file=\"https:\/\/asso-6art-sonchamp.fr\/wp-content\/uploads\/2016\/02\/IMG_3032-300x225.jpg\" data-large-file=\"https:\/\/asso-6art-sonchamp.fr\/wp-content\/uploads\/2016\/02\/IMG_3032-1024x768.jpg\" class=\"wp-image-1260 size-medium aligncenter\" src=\"http:\/\/asso-6art-sonchamp.fr\/wp-content\/uploads\/2016\/02\/IMG_3032-300x225.jpg\" alt=\"IMG_3032\" width=\"300\" height=\"225\" srcset=\"https:\/\/asso-6art-sonchamp.fr\/wp-content\/uploads\/2016\/02\/IMG_3032-300x225.jpg 300w, https:\/\/asso-6art-sonchamp.fr\/wp-content\/uploads\/2016\/02\/IMG_3032-768x576.jpg 768w, https:\/\/asso-6art-sonchamp.fr\/wp-content\/uploads\/2016\/02\/IMG_3032-1024x768.jpg 1024w, https:\/\/asso-6art-sonchamp.fr\/wp-content\/uploads\/2016\/02\/IMG_3032.jpg 1440w\" sizes=\"auto, (max-width: 300px) 100vw, 300px\" \/><\/a><\/p>\n<ul>\n<li><strong>16 D\u00e9cembre 2018<\/strong> : s\u00e9lectionn\u00e9s pour le H-Quality 2019 &#8211;&gt; concours le <strong>26 janvier 2019<\/strong>, show \u00ab\u00a0Stranger Things\u00a0\u00bb<\/li>\n<\/ul>\n<ul>\n<li><strong>2 F\u00e9vrier 2019<\/strong> : concours H2G, St R\u00e9my-les-Chevreuse, show \u00ab\u00a0Sense\u00a0\u00bb &#8211;&gt; <strong>ont eu le 2<sup>\u00e8me<\/sup> prix de leur cat\u00e9gorie<\/strong><\/li>\n<\/ul>\n<ul>\n<li><strong>9 F\u00e9vrier 2019<\/strong> : concours World of Dance, s\u00e9lections France pour le concours international dont la finale a lieu \u00e0 Los Angeles, show \u00ab\u00a0Stranger Things\u00a0\u00bb<\/li>\n<\/ul>\n<p><iframe loading=\"lazy\" title=\"MELTIN&#039;SKILLS | World of Dance Paris 2019 | #WODFR\" width=\"474\" height=\"267\" src=\"https:\/\/www.youtube.com\/embed\/zOra43R2xRw?feature=oembed\" frameborder=\"0\" allow=\"accelerometer; autoplay; clipboard-write; encrypted-media; gyroscope; picture-in-picture; web-share\" referrerpolicy=\"strict-origin-when-cross-origin\" allowfullscreen><\/iframe><\/p>\n<ul>\n<li><strong>23 mars 2019<\/strong> : rencontres de Villemoisson sur Orge, shows \u00ab\u00a0Stranger Things\u00a0\u00bb et \u00ab\u00a0Sense\u00a0\u00bb<\/li>\n<\/ul>\n<ul style=\"list-style-type: disc;\">\n<li><strong>6 avril 2019<\/strong> : Sc\u00e8nes Urbaines de Plaisir, show \u00ab\u00a0Stranger Things\u00a0\u00bb<\/li>\n<\/ul>\n<ul style=\"list-style-type: disc;\">\n<li><strong>18 mai 2019<\/strong> : d\u00e9monstration de danse, 6\u00e8me Art<\/li>\n<\/ul>\n<ul style=\"list-style-type: disc;\">\n<li><strong>Pendant le confinement de 2020<\/strong><\/li>\n<\/ul>\n<p><iframe loading=\"lazy\" title=\"Meltin&#039;Skills en confinement\" width=\"474\" height=\"267\" src=\"https:\/\/www.youtube.com\/embed\/gaVS55j9bsM?feature=oembed\" frameborder=\"0\" allow=\"accelerometer; autoplay; clipboard-write; encrypted-media; gyroscope; picture-in-picture; web-share\" referrerpolicy=\"strict-origin-when-cross-origin\" allowfullscreen><\/iframe><\/p>\n<p>&nbsp;<\/p>\n<p>&nbsp;<\/p>\n<p>&nbsp;<\/p>\n","protected":false},"excerpt":{"rendered":"<p>Chor\u00e9graphies et direction par Sandrine Guilhem 16 D\u00e9cembre 2018 : s\u00e9lectionn\u00e9s pour le H-Quality 2019 &#8211;&gt; concours le 26 janvier 2019, show \u00ab\u00a0Stranger Things\u00a0\u00bb 2 F\u00e9vrier 2019 : concours H2G, St R\u00e9my-les-Chevreuse, show \u00ab\u00a0Sense\u00a0\u00bb &#8211;&gt; ont eu le 2\u00e8me prix de leur cat\u00e9gorie 9 F\u00e9vrier 2019 : concours World of Dance, s\u00e9lections France pour le &hellip; <a href=\"https:\/\/asso-6art-sonchamp.fr\/index.php\/les-compagnies\/meltinskills\/skills-gene1-2\/\" class=\"more-link\">Continuer la lecture de <span class=\"screen-reader-text\">Meltin&rsquo;Skills 1\u00e8re g\u00e9n\u00e9ration<\/span>  <span class=\"meta-nav\">&rarr;<\/span><\/a><\/p>\n","protected":false},"author":1,"featured_media":0,"parent":1968,"menu_order":2,"comment_status":"closed","ping_status":"closed","template":"","meta":{"_acf_changed":false,"jetpack_post_was_ever_published":false,"footnotes":""},"class_list":["post-224","page","type-page","status-publish","hentry"],"acf":[],"jetpack_sharing_enabled":true,"jetpack_shortlink":"https:\/\/wp.me\/P6Yl4y-3C","jetpack-related-posts":[],"_links":{"self":[{"href":"https:\/\/asso-6art-sonchamp.fr\/index.php\/wp-json\/wp\/v2\/pages\/224","targetHints":{"allow":["GET"]}}],"collection":[{"href":"https:\/\/asso-6art-sonchamp.fr\/index.php\/wp-json\/wp\/v2\/pages"}],"about":[{"href":"https:\/\/asso-6art-sonchamp.fr\/index.php\/wp-json\/wp\/v2\/types\/page"}],"author":[{"embeddable":true,"href":"https:\/\/asso-6art-sonchamp.fr\/index.php\/wp-json\/wp\/v2\/users\/1"}],"replies":[{"embeddable":true,"href":"https:\/\/asso-6art-sonchamp.fr\/index.php\/wp-json\/wp\/v2\/comments?post=224"}],"version-history":[{"count":68,"href":"https:\/\/asso-6art-sonchamp.fr\/index.php\/wp-json\/wp\/v2\/pages\/224\/revisions"}],"predecessor-version":[{"id":2022,"href":"https:\/\/asso-6art-sonchamp.fr\/index.php\/wp-json\/wp\/v2\/pages\/224\/revisions\/2022"}],"up":[{"embeddable":true,"href":"https:\/\/asso-6art-sonchamp.fr\/index.php\/wp-json\/wp\/v2\/pages\/1968"}],"wp:attachment":[{"href":"https:\/\/asso-6art-sonchamp.fr\/index.php\/wp-json\/wp\/v2\/media?parent=224"}],"curies":[{"name":"wp","href":"https:\/\/api.w.org\/{rel}","templated":true}]}}