{"id":221,"date":"2016-01-29T15:16:22","date_gmt":"2016-01-29T14:16:22","guid":{"rendered":"http:\/\/asso-6art-sonchamp.fr\/?page_id=221"},"modified":"2016-05-03T21:21:41","modified_gmt":"2016-05-03T20:21:41","slug":"danse-en-choeur","status":"publish","type":"page","link":"https:\/\/asso-6art-sonchamp.fr\/index.php\/les-compagnies\/danse-en-choeur\/","title":{"rendered":"Danse en choeur"},"content":{"rendered":"<p>La compagnie Danse en Choeur a \u00e9t\u00e9 cr\u00e9\u00e9e en 2013 par Cathy Berthelot. Elle a remport\u00e9 plusieurs\u00a0r\u00e9compenses.<\/p>\n<p><span style=\"color: #ff0000;\"><span style=\"color: #000000;\"><span style=\"color: #0000ff;\">CLIN d&rsquo;\u0152IL ET BRAVO<\/span> \u00e0 Victoria Belot, danseuse de notre ex-Cie Danse en Ch\u0153ur, qui a remport\u00e9 un 2<sup>\u00e8me<\/sup> prix\u00a0 au Concours R\u00e9gional de la Conf\u00e9d\u00e9ration Nationale de Danse, R\u00e9gion Centre, en individuel (solo) cat\u00e9gorie 4 sup\u00e9rieure.<\/span><\/span><\/p>\n<p><strong><span style=\"font-size: 14pt;\"><a href=\"https:\/\/goo.gl\/photos\/kHieiKwydttX5iLJ7\" target=\"_blank\">Danseuses 2013-2014<\/a>\u00a0:<\/span> <\/strong><\/p>\n<ul>\n<li>Sarah Almeida<\/li>\n<li>Doriane Bonilla<\/li>\n<li>Charlotte De Ascencao<\/li>\n<li>Sarah Dehaine<\/li>\n<li>Ma\u00ebva Dhomm\u00e9e<\/li>\n<li>Margaux Doan Van<\/li>\n<li>L\u00e9anne Fortuna<\/li>\n<li>Emeline Rault<\/li>\n<\/ul>\n<p><span style=\"font-size: 14pt;\"><strong>Danseuses 2014-2015\u00a0: <\/strong><\/span><\/p>\n<ul>\n<li>Sarah Almeida<\/li>\n<li>Victoria Belot<\/li>\n<li>Doriane Bonilla<\/li>\n<li>Charlotte De Ascencao<\/li>\n<li>Sarah Dehaine<\/li>\n<li>Ma\u00ebva Dhomm\u00e9e<\/li>\n<li>L\u00e9anne Fortuna<\/li>\n<li>Emeline Rault<\/li>\n<\/ul>\n<p><span style=\"font-size: 14pt;\"><strong>Performances et prestations<\/strong><\/span><\/p>\n<ul>\n<li>27 juin 2015\u00a0:<br \/>\nGala de danse de l\u2019Atelier Chor\u00e9graphique d\u2019Epernon avec <em><strong>\u00ab\u00a0La Fin des Mondes\u00a0\u00bb.<\/strong><\/em><\/li>\n<\/ul>\n<ul>\n<li>24 mai 2015\u00a0:<br \/>\nConcours Europ\u00e9en de Danse, Massy (91), <strong>4<sup>e<\/sup> prix<\/strong> pour <strong><em>\u00ab\u00a0La Fin des Mondes\u00bb<\/em><\/strong>.<\/li>\n<\/ul>\n<ul>\n<li>21 mars 2015\u00a0:<br \/>\nConcours de la Sc\u00e8ne fran\u00e7aise, Vincennes (94), <strong>prix de la Sc\u00e8ne fran\u00e7aise<\/strong> pour \u00ab\u00a0<strong><em>Eden<\/em><\/strong>\u00bb.<\/li>\n<\/ul>\n<ul>\n<li>14 mars 2015\u00a0:<br \/>\nConcours R\u00e9gion Paris \u00cele-de-France, Conf\u00e9d\u00e9ration Nationale de Danse, Le Perreux sur Marne (94), <strong>2<sup>e<\/sup> prix<\/strong> pour \u00ab\u00a0<strong><em>Eden<\/em><\/strong> \u00bb.<\/li>\n<\/ul>\n<ul>\n<li>22 novembre 2014\u00a0:<br \/>\nConcert de la sainte C\u00e9cile, 1<sup>\u00e8re<\/sup> partie, Rambouillet (78) avec \u00ab\u00a0<strong><em>Eden<\/em><\/strong>\u00a0\u00bb.<\/li>\n<\/ul>\n<ul>\n<li>10 novembre 2014\u00a0:<br \/>\nThe Dance Trophy, Montmorency (95), 8<sup>e<\/sup> place pour \u00ab\u00a0<strong><em>Eden<\/em><\/strong>\u00a0\u00bb.<\/li>\n<\/ul>\n<ul>\n<li>24 mai 2014\u00a0:<br \/>\nConcours Europ\u00e9en de Danse, Chaville (92), <strong>4<sup>e<\/sup> prix<\/strong> pour \u00ab\u00a0<strong><em><a href=\"https:\/\/www.youtube.com\/watch?v=cYDLMoSECs0\" target=\"_blank\">La Marelle<\/a><\/em><\/strong>\u00a0\u00bb.<\/li>\n<\/ul>\n<ul>\n<li>22 mars 2014\u00a0:<br \/>\nRencontres chor\u00e9graphiques du Pecq (78) avec \u00ab <a href=\"https:\/\/www.youtube.com\/watch?v=KoSYw1VJBcE\" target=\"_blank\"><strong><em>La Marelle<\/em><\/strong><\/a> \u00bb.<\/li>\n<\/ul>\n<ul>\n<li>8 mars 2014\u00a0: Concours R\u00e9gion Paris \u00cele-de-France, Conf\u00e9d\u00e9ration Nationale de Danse, Le Perreux sur Marne (94), <strong>2<sup>e<\/sup> prix<\/strong> pour \u00ab\u00a0<em><strong>La Marelle<\/strong><\/em>\u00a0\u00bb.<\/li>\n<\/ul>\n","protected":false},"excerpt":{"rendered":"<p>La compagnie Danse en Choeur a \u00e9t\u00e9 cr\u00e9\u00e9e en 2013 par Cathy Berthelot. Elle a remport\u00e9 plusieurs\u00a0r\u00e9compenses. CLIN d&rsquo;\u0152IL ET BRAVO \u00e0 Victoria Belot, danseuse de notre ex-Cie Danse en Ch\u0153ur, qui a remport\u00e9 un 2\u00e8me prix\u00a0 au Concours R\u00e9gional de la Conf\u00e9d\u00e9ration Nationale de Danse, R\u00e9gion Centre, en individuel (solo) cat\u00e9gorie 4 sup\u00e9rieure. Danseuses &hellip; <a href=\"https:\/\/asso-6art-sonchamp.fr\/index.php\/les-compagnies\/danse-en-choeur\/\" class=\"more-link\">Continuer la lecture de <span class=\"screen-reader-text\">Danse en choeur<\/span>  <span class=\"meta-nav\">&rarr;<\/span><\/a><\/p>\n","protected":false},"author":1,"featured_media":0,"parent":98,"menu_order":1,"comment_status":"closed","ping_status":"closed","template":"","meta":{"_acf_changed":false,"jetpack_post_was_ever_published":false,"footnotes":""},"class_list":["post-221","page","type-page","status-publish","hentry"],"acf":[],"jetpack_sharing_enabled":true,"jetpack_shortlink":"https:\/\/wp.me\/P6Yl4y-3z","jetpack-related-posts":[],"_links":{"self":[{"href":"https:\/\/asso-6art-sonchamp.fr\/index.php\/wp-json\/wp\/v2\/pages\/221","targetHints":{"allow":["GET"]}}],"collection":[{"href":"https:\/\/asso-6art-sonchamp.fr\/index.php\/wp-json\/wp\/v2\/pages"}],"about":[{"href":"https:\/\/asso-6art-sonchamp.fr\/index.php\/wp-json\/wp\/v2\/types\/page"}],"author":[{"embeddable":true,"href":"https:\/\/asso-6art-sonchamp.fr\/index.php\/wp-json\/wp\/v2\/users\/1"}],"replies":[{"embeddable":true,"href":"https:\/\/asso-6art-sonchamp.fr\/index.php\/wp-json\/wp\/v2\/comments?post=221"}],"version-history":[{"count":9,"href":"https:\/\/asso-6art-sonchamp.fr\/index.php\/wp-json\/wp\/v2\/pages\/221\/revisions"}],"predecessor-version":[{"id":577,"href":"https:\/\/asso-6art-sonchamp.fr\/index.php\/wp-json\/wp\/v2\/pages\/221\/revisions\/577"}],"up":[{"embeddable":true,"href":"https:\/\/asso-6art-sonchamp.fr\/index.php\/wp-json\/wp\/v2\/pages\/98"}],"wp:attachment":[{"href":"https:\/\/asso-6art-sonchamp.fr\/index.php\/wp-json\/wp\/v2\/media?parent=221"}],"curies":[{"name":"wp","href":"https:\/\/api.w.org\/{rel}","templated":true}]}}