{"id":209,"date":"2016-01-26T21:33:48","date_gmt":"2016-01-26T20:33:48","guid":{"rendered":"http:\/\/asso-6art-sonchamp.fr\/?page_id=209"},"modified":"2025-04-13T19:34:57","modified_gmt":"2025-04-13T18:34:57","slug":"sandrine-guilhem","status":"publish","type":"page","link":"https:\/\/asso-6art-sonchamp.fr\/index.php\/nos-professeurs\/sandrine-guilhem\/","title":{"rendered":"Sandrine Guilhem"},"content":{"rendered":"<div id=\"pl-209\"  class=\"panel-layout\" ><div id=\"pg-209-0\"  class=\"panel-grid panel-no-style\"  style=\"margin-bottom: 10px\" ><div id=\"pgc-209-0-0\"  class=\"panel-grid-cell\" ><div id=\"panel-209-0-0-0\" class=\"so-panel widget widget_sow-editor panel-first-child panel-last-child\" data-index=\"0\" ><div\n\t\t\t\n\t\t\tclass=\"so-widget-sow-editor so-widget-sow-editor-base\"\n\t\t\t\n\t\t>\n<div class=\"siteorigin-widget-tinymce textwidget\">\n\t<ul>\n<li>Professeure de danse\u00a0hip-hop<\/li>\n<li>A \u00e9t\u00e9 attach\u00e9e de presse et Charg\u00e9e de production &amp; diffusion pour la <a href=\"http:\/\/www.blackblancbeur.fr\/\" target=\"_blank\" rel=\"noopener\">Compagnie Black Blanc Beur<\/a> (78)<\/li>\n<li>A enseign\u00e9 \u00e0 6<sup>\u00e8me<\/sup> Art (et pr\u00e9c\u00e9demment \u00e0 Avana Danse) depuis de 2011 \u00e0 2023.<\/li>\n<\/ul>\n<h3><strong>Pour Sandrine, enseigner c\u2019est transmettre<\/strong><\/h3>\n<p>Sandrine a anim\u00e9 des ateliers hip-hop aupr\u00e8s des associations 6<sup>\u00e8me<\/sup> Art (Sonchamp) et Contretemps (Guyancourt).<\/p>\n<p>Son travail est ax\u00e9 sur la transmission des bases du hip-hop\u00a0et le d\u00e9veloppement artistique.<\/p>\n<p>Passionn\u00e9e par la culture hip-hop, Sandrine a \u00e9galement travaill\u00e9 avec la compagnie Black Blanc Beur.<\/p>\n<p>A 6\u00e8me Art, elle a cr\u00e9\u00e9 les Cies\u00a0 <a href=\"https:\/\/asso-6art-sonchamp.fr\/index.php\/les-compagnies\/meltinkidz\/\" target=\"_blank\" rel=\"noopener\"><span style=\"color: #ff6600;\"><strong>Meltin'Kidz<\/strong><\/span><\/a> en 2014, puis <span style=\"color: #ff6600;\"><a style=\"color: #ff6600;\" href=\"https:\/\/asso-6art-sonchamp.fr\/index.php\/les-compagnies\/meltinskills\/\" target=\"_blank\" rel=\"noopener\"><strong>Meltin'Skills<\/strong><\/a><\/span> en 2018 et les <span style=\"color: #ff6600;\"><a style=\"color: #ff6600;\" href=\"https:\/\/asso-6art-sonchamp.fr\/index.php\/les-compagnies\/jeunes-pousses\/\" target=\"_blank\" rel=\"noopener\"><strong>Jeunes Pousses<\/strong><\/a><\/span> en 2018.<\/p>\n<\/div>\n<\/div><\/div><\/div><div id=\"pgc-209-0-1\"  class=\"panel-grid-cell\" ><div id=\"panel-209-0-1-0\" class=\"so-panel widget widget_sow-editor panel-first-child panel-last-child\" data-index=\"1\" ><div\n\t\t\t\n\t\t\tclass=\"so-widget-sow-editor so-widget-sow-editor-base\"\n\t\t\t\n\t\t>\n<div class=\"siteorigin-widget-tinymce textwidget\">\n\t<p><a href=\"http:\/\/asso-6art-sonchamp.fr\/wp-content\/uploads\/2016\/01\/sany-scene.jpg\"><img data-attachment-id=\"175\" data-permalink=\"https:\/\/asso-6art-sonchamp.fr\/index.php\/nos-professeurs\/aurelie-aldebert\/sany-scene\/\" data-orig-file=\"https:\/\/asso-6art-sonchamp.fr\/wp-content\/uploads\/2016\/01\/sany-scene-e1468146342726.jpg\" data-orig-size=\"435,423\" data-comments-opened=\"0\" data-image-meta=\"{&quot;aperture&quot;:&quot;0&quot;,&quot;credit&quot;:&quot;&quot;,&quot;camera&quot;:&quot;&quot;,&quot;caption&quot;:&quot;&quot;,&quot;created_timestamp&quot;:&quot;0&quot;,&quot;copyright&quot;:&quot;&quot;,&quot;focal_length&quot;:&quot;0&quot;,&quot;iso&quot;:&quot;0&quot;,&quot;shutter_speed&quot;:&quot;0&quot;,&quot;title&quot;:&quot;&quot;,&quot;orientation&quot;:&quot;1&quot;}\" data-image-title=\"Sandrine Guilhem\" data-image-description=\"\" data-image-caption=\"&lt;p&gt;Sandrine Guilhem, professeure de hip-hop de 6\u00e8me Art&lt;\/p&gt;\n\" data-medium-file=\"https:\/\/asso-6art-sonchamp.fr\/wp-content\/uploads\/2016\/01\/sany-scene-e1468146342726-300x292.jpg\" data-large-file=\"https:\/\/asso-6art-sonchamp.fr\/wp-content\/uploads\/2016\/01\/sany-scene-e1468146342726.jpg\" loading=\"lazy\" decoding=\"async\" class=\"alignnone wp-image-175\" src=\"http:\/\/asso-6art-sonchamp.fr\/wp-content\/uploads\/2016\/01\/sany-scene.jpg\" alt=\"Sandrine Guilhem, professeure de hip-hop de 6\u00e8me Art\" width=\"355\" height=\"350\" \/><\/a><\/p>\n<\/div>\n<\/div><\/div><\/div><\/div><div id=\"pg-209-1\"  class=\"panel-grid panel-no-style\"  style=\"margin-bottom: 10px\" ><div id=\"pgc-209-1-0\"  class=\"panel-grid-cell\" ><div id=\"panel-209-1-0-0\" class=\"so-panel widget widget_sow-editor panel-first-child panel-last-child\" data-index=\"2\" ><div\n\t\t\t\n\t\t\tclass=\"so-widget-sow-editor so-widget-sow-editor-base\"\n\t\t\t\n\t\t>\n<div class=\"siteorigin-widget-tinymce textwidget\">\n\t<p style=\"text-align: justify;\"><strong><em>\"Mon parcours dans la danse hip-hop est une course de haies.\u00a0Le d\u00e9passement de soi, repousser ses limites sont des valeurs du mouvement hip-hop que je partage. <\/em><\/strong><\/p>\n<p style=\"text-align: justify;\"><strong><em>Je me suis initi\u00e9e \u00e0 cette culture assez tard, en 2010, lorsque je suis<\/em> <em>entr\u00e9e<\/em><em> dans la compagnie Meltin'Up fond\u00e9e par <a href=\"http:\/\/asso-6art-sonchamp.fr\/index.php\/nos-professeurs\/aurelie-aldebert\/\" target=\"_blank\" rel=\"noopener\">Aur\u00e9lie Aldebert<\/a>. <\/em><\/strong><\/p>\n<p style=\"text-align: justify;\"><strong><em>Meltin'Up est le d\u00e9part de ma longue course, dont je ne vois pas encore la ligne d'arriv\u00e9e. Elle m'a permis de m'\u00e9panouir, faire des rencontres, me d\u00e9passer apr\u00e8s chaque show, chaque sc\u00e8ne. Le hip-hop est g\u00e9n\u00e9reux et sans piti\u00e9. C'est pourquoi il faut toujours se r\u00e9inventer, ne jamais se reposer sur ses acquis.\"<\/em><\/strong><\/p>\n<p>En 2014, apr\u00e8s son s\u00e9jour en Cor\u00e9e du Sud, o\u00f9 elle d\u00e9couvre le versant asiatique de la culture hip-hop, elle cr\u00e9\u00e9 sa 1\u00e8re compagnie Junior, <span style=\"color: #ff6600;\"><a style=\"color: #ff6600;\" href=\"https:\/\/asso-6art-sonchamp.fr\/index.php\/les-compagnies\/meltinkidz\/\" target=\"_blank\" rel=\"noopener\">Meltin'Kidz<\/a><\/span>.\u00a0Celle-ci, ainsi que la compagnie Meltin'Urban Crew, fond\u00e9e par <span style=\"color: #ff6600;\"><a style=\"color: #ff6600;\" href=\"https:\/\/asso-6art-sonchamp.fr\/index.php\/nos-professeurs\/aurelie-aldebert\/\" target=\"_blank\" rel=\"noopener\">Aur\u00e9lie Aldebert<\/a><\/span>, a pour but de former la nouvelle g\u00e9n\u00e9ration Meltin'Up. Apr\u00e8s Meltin'Kidz, suivront <span style=\"color: #ff6600;\"><a style=\"color: #ff6600;\" href=\"https:\/\/asso-6art-sonchamp.fr\/index.php\/les-compagnies\/meltinskills\/\" target=\"_blank\" rel=\"noopener\">Meltin'Skills<\/a><\/span> et <span style=\"color: #ff6600;\"><a style=\"color: #ff6600;\" href=\"https:\/\/asso-6art-sonchamp.fr\/index.php\/les-compagnies\/jeunes-pousses\/\" target=\"_blank\" rel=\"noopener\">Jeunes Pousses<\/a><\/span>.<\/p>\n<p>Sandrine leur transmet sa technique, mais surtout sa passion pour la danse hip-hop, qu'ils partageront \u00e0 leur tour. Leur d\u00e9termination est sans limite, leur progression est fulgurante. Ils sont pour Sandrine une source d'inspiration qui se renouvelle sans cesse. Elle les fait \u00e9galement participer \u00e0 des stages de perfectionnement et de cr\u00e9ation, l'opportunit\u00e9 pour eux de rencontrer :<\/p>\n<ul>\n<li><strong>Lowriz Trung Ngon Vo, <\/strong>compagnies<strong> Achak<\/strong> et <strong>Black Blanc Beur<\/strong>,<\/li>\n<li><strong>Boris Bodonon<\/strong>, compagnie <strong>Black Blanc Beur<\/strong>,<\/li>\n<li><strong>Evelyne Fancelli, <\/strong>association <strong>Contretemps<\/strong>,<\/li>\n<li><strong>Nicolas May\u00e9, <\/strong>association <strong>Lissano Makassi<\/strong>,<\/li>\n<li><strong>Nina Chati<\/strong>, compagnie <strong>Moral Soul<\/strong>,<\/li>\n<li><strong>Dom K<\/strong>, <strong>Infamous Crew<\/strong> et <strong>Legacy Crew,<\/strong><\/li>\n<li><strong>Oriane Luong<\/strong>, compagnies <strong>Meltin\u2019Up<\/strong> et <strong>D\u2019Ici \u00e0 la Bas,<\/strong><\/li>\n<li><strong>Quoc Luu<\/strong>, stage de <strong>Locking Legacy.<\/strong><\/li>\n<\/ul>\n<h1 style=\"text-align: justify;\"><strong>Formation<\/strong><\/h1>\n<p style=\"text-align: justify;\">Sandrine d\u00e9couvre le hip-hop \u00e0 l\u2019\u00e2ge de 11 ans \u00e0 Guyancourt (78).<\/p>\n<ul>\n<li style=\"text-align: justify;\">2010\u00a0: elle int\u00e8gre la compagnie Meltin\u2019Up, avec qui elle se produit en concours chor\u00e9graphique, battles, manifestations hip-hop et danse \u00e9galement dans des vid\u00e9oclips et courts-m\u00e9trages.<\/li>\n<\/ul>\n<ul>\n<li style=\"text-align: justify;\">En parall\u00e8le de ses \u00e9tudes, elle suit des cours de danses hip-hop new-style, locking et waacking \u00e0 Paris, ainsi que de danses modern et contemporaine.<\/li>\n<\/ul>\n<ul>\n<li style=\"text-align: justify;\">2013\u00a0: \u00e0 21 ans, elle emm\u00e9nage pour un an \u00e0 S\u00e9oul en Cor\u00e9e du Sud, o\u00f9 elle se forme \u00e0 la Def Danse.<\/li>\n<\/ul>\n<\/div>\n<\/div><\/div><\/div><\/div><div id=\"pg-209-2\"  class=\"panel-grid panel-no-style\" ><div id=\"pgc-209-2-0\"  class=\"panel-grid-cell\" ><div id=\"panel-209-2-0-0\" class=\"so-panel widget widget_sow-editor panel-first-child panel-last-child\" data-index=\"3\" ><div\n\t\t\t\n\t\t\tclass=\"so-widget-sow-editor so-widget-sow-editor-base\"\n\t\t\t\n\t\t>\n<div class=\"siteorigin-widget-tinymce textwidget\">\n\t<p><iframe loading=\"lazy\" title=\"Sandrine - Hip-Hop\" width=\"474\" height=\"267\" src=\"https:\/\/www.youtube.com\/embed\/l-PmmutUmwM?feature=oembed\" frameborder=\"0\" allow=\"accelerometer; autoplay; clipboard-write; encrypted-media; gyroscope; picture-in-picture; web-share\" referrerpolicy=\"strict-origin-when-cross-origin\" allowfullscreen><\/iframe><\/p>\n<\/div>\n<\/div><\/div><\/div><div id=\"pgc-209-2-1\"  class=\"panel-grid-cell\" ><div id=\"panel-209-2-1-0\" class=\"so-panel widget widget_sow-editor panel-first-child panel-last-child\" data-index=\"4\" ><div\n\t\t\t\n\t\t\tclass=\"so-widget-sow-editor so-widget-sow-editor-base\"\n\t\t\t\n\t\t>\n<div class=\"siteorigin-widget-tinymce textwidget\">\n\t<\/div>\n<\/div><\/div><\/div><\/div><\/div>","protected":false},"excerpt":{"rendered":"<p>Professeure de danse\u00a0hip-hop A \u00e9t\u00e9 attach\u00e9e de presse et Charg\u00e9e de production &amp; diffusion pour la Compagnie Black Blanc Beur (78) A enseign\u00e9 \u00e0 6\u00e8me Art (et pr\u00e9c\u00e9demment \u00e0 Avana Danse) depuis de 2011 \u00e0 2023. Pour Sandrine, enseigner c\u2019est transmettre Sandrine a anim\u00e9 des ateliers hip-hop aupr\u00e8s des associations 6\u00e8me Art (Sonchamp) et Contretemps &hellip; <a href=\"https:\/\/asso-6art-sonchamp.fr\/index.php\/nos-professeurs\/sandrine-guilhem\/\" class=\"more-link\">Continuer la lecture de <span class=\"screen-reader-text\">Sandrine Guilhem<\/span>  <span class=\"meta-nav\">&rarr;<\/span><\/a><\/p>\n","protected":false},"author":1,"featured_media":0,"parent":69,"menu_order":3,"comment_status":"closed","ping_status":"closed","template":"","meta":{"_acf_changed":false,"jetpack_post_was_ever_published":false,"footnotes":""},"class_list":["post-209","page","type-page","status-publish","hentry"],"acf":[],"jetpack_sharing_enabled":true,"jetpack_shortlink":"https:\/\/wp.me\/P6Yl4y-3n","jetpack-related-posts":[],"_links":{"self":[{"href":"https:\/\/asso-6art-sonchamp.fr\/index.php\/wp-json\/wp\/v2\/pages\/209","targetHints":{"allow":["GET"]}}],"collection":[{"href":"https:\/\/asso-6art-sonchamp.fr\/index.php\/wp-json\/wp\/v2\/pages"}],"about":[{"href":"https:\/\/asso-6art-sonchamp.fr\/index.php\/wp-json\/wp\/v2\/types\/page"}],"author":[{"embeddable":true,"href":"https:\/\/asso-6art-sonchamp.fr\/index.php\/wp-json\/wp\/v2\/users\/1"}],"replies":[{"embeddable":true,"href":"https:\/\/asso-6art-sonchamp.fr\/index.php\/wp-json\/wp\/v2\/comments?post=209"}],"version-history":[{"count":21,"href":"https:\/\/asso-6art-sonchamp.fr\/index.php\/wp-json\/wp\/v2\/pages\/209\/revisions"}],"predecessor-version":[{"id":2214,"href":"https:\/\/asso-6art-sonchamp.fr\/index.php\/wp-json\/wp\/v2\/pages\/209\/revisions\/2214"}],"up":[{"embeddable":true,"href":"https:\/\/asso-6art-sonchamp.fr\/index.php\/wp-json\/wp\/v2\/pages\/69"}],"wp:attachment":[{"href":"https:\/\/asso-6art-sonchamp.fr\/index.php\/wp-json\/wp\/v2\/media?parent=209"}],"curies":[{"name":"wp","href":"https:\/\/api.w.org\/{rel}","templated":true}]}}