{"id":20,"date":"2015-11-21T18:10:45","date_gmt":"2015-11-21T17:10:45","guid":{"rendered":"http:\/\/asso-6art-sonchamp.fr\/?page_id=20"},"modified":"2024-08-25T19:14:20","modified_gmt":"2024-08-25T18:14:20","slug":"asso6emeart","status":"publish","type":"page","link":"https:\/\/asso-6art-sonchamp.fr\/index.php\/asso6emeart\/","title":{"rendered":"Association 6\u00e8me Art"},"content":{"rendered":"<p style=\"text-align: center;\"><em><strong><div id=\"metaslider-id-328\" style=\"width: 100%; margin: 0 auto;\" class=\"ml-slider-3-97-0 metaslider metaslider-flex metaslider-328 ml-slider ms-theme-default nav-hidden\" role=\"region\" aria-roledescription=\"Slideshow\" aria-label=\"Nouveau diaporama\" data-width=\"750\">\n    <div id=\"metaslider_container_328\">\n        <div id=\"metaslider_328\">\n            <ul class='slides'>\n                <li style=\"display: block; width: 100%;\" class=\"slide-1190 ms-image \" aria-roledescription=\"slide\" aria-label=\"slide-1190\" data-date=\"2017-12-29 19:21:17\"><img loading=\"lazy\" decoding=\"async\" src=\"https:\/\/asso-6art-sonchamp.fr\/wp-content\/uploads\/2017\/12\/2016-06-18-DSC5888-147bis-750x350.jpg\" height=\"350\" width=\"750\" alt=\"\" class=\"slider-328 slide-1190\" \/><\/li>\n                <li style=\"display: none; width: 100%;\" class=\"slide-1196 ms-image \" aria-roledescription=\"slide\" aria-label=\"slide-1196\" data-date=\"2017-12-29 19:22:13\"><img loading=\"lazy\" decoding=\"async\" src=\"https:\/\/asso-6art-sonchamp.fr\/wp-content\/uploads\/2017\/12\/2016-06-18-DSC6022-197bis-750x350.jpg\" height=\"350\" width=\"750\" alt=\"\" class=\"slider-328 slide-1196\" \/><\/li>\n                <li style=\"display: none; width: 100%;\" class=\"slide-1178 ms-image \" aria-roledescription=\"slide\" aria-label=\"slide-1178\" data-date=\"2017-12-29 19:19:13\"><img loading=\"lazy\" decoding=\"async\" src=\"https:\/\/asso-6art-sonchamp.fr\/wp-content\/uploads\/2017\/12\/2016-06-18-DSC5494-51bis-750x350.jpg\" height=\"350\" width=\"750\" alt=\"\" class=\"slider-328 slide-1178\" \/><\/li>\n                <li style=\"display: none; width: 100%;\" class=\"slide-1182 ms-image \" aria-roledescription=\"slide\" aria-label=\"slide-1182\" data-date=\"2017-12-29 19:19:52\"><img loading=\"lazy\" decoding=\"async\" src=\"https:\/\/asso-6art-sonchamp.fr\/wp-content\/uploads\/2017\/12\/2016-06-18-DSC5619-92bis-750x350.jpg\" height=\"350\" width=\"750\" alt=\"\" class=\"slider-328 slide-1182\" \/><\/li>\n                <li style=\"display: none; width: 100%;\" class=\"slide-1177 ms-image \" aria-roledescription=\"slide\" aria-label=\"slide-1177\" data-date=\"2017-12-29 19:19:02\"><img loading=\"lazy\" decoding=\"async\" src=\"https:\/\/asso-6art-sonchamp.fr\/wp-content\/uploads\/2017\/12\/2016-06-18-DSC5490-50bis-750x350.jpg\" height=\"350\" width=\"750\" alt=\"\" class=\"slider-328 slide-1177\" \/><\/li>\n                <li style=\"display: none; width: 100%;\" class=\"slide-1189 ms-image \" aria-roledescription=\"slide\" aria-label=\"slide-1189\" data-date=\"2017-12-29 19:21:06\"><img loading=\"lazy\" decoding=\"async\" src=\"https:\/\/asso-6art-sonchamp.fr\/wp-content\/uploads\/2017\/12\/2016-06-18-DSC5773-129bis-750x350.jpg\" height=\"350\" width=\"750\" alt=\"\" class=\"slider-328 slide-1189\" \/><\/li>\n                <li style=\"display: none; width: 100%;\" class=\"slide-1185 ms-image \" aria-roledescription=\"slide\" aria-label=\"slide-1185\" data-date=\"2017-12-29 19:20:22\"><img loading=\"lazy\" decoding=\"async\" src=\"https:\/\/asso-6art-sonchamp.fr\/wp-content\/uploads\/2017\/12\/2016-06-18-DSC5658-107bis-750x350.jpg\" height=\"350\" width=\"750\" alt=\"\" class=\"slider-328 slide-1185\" \/><\/li>\n                <li style=\"display: none; width: 100%;\" class=\"slide-1192 ms-image \" aria-roledescription=\"slide\" aria-label=\"slide-1192\" data-date=\"2017-12-29 19:21:34\"><img loading=\"lazy\" decoding=\"async\" src=\"https:\/\/asso-6art-sonchamp.fr\/wp-content\/uploads\/2017\/12\/2016-06-18-DSC5978-171bis-750x350.jpg\" height=\"350\" width=\"750\" alt=\"\" class=\"slider-328 slide-1192\" \/><\/li>\n                <li style=\"display: none; width: 100%;\" class=\"slide-1184 ms-image \" aria-roledescription=\"slide\" aria-label=\"slide-1184\" data-date=\"2017-12-29 19:20:14\"><img loading=\"lazy\" decoding=\"async\" src=\"https:\/\/asso-6art-sonchamp.fr\/wp-content\/uploads\/2017\/12\/2016-06-18-DSC5641-101bis-750x350.jpg\" height=\"350\" width=\"750\" alt=\"\" class=\"slider-328 slide-1184\" \/><\/li>\n                <li style=\"display: none; width: 100%;\" class=\"slide-1195 ms-image \" aria-roledescription=\"slide\" aria-label=\"slide-1195\" data-date=\"2017-12-29 19:22:04\"><img loading=\"lazy\" decoding=\"async\" src=\"https:\/\/asso-6art-sonchamp.fr\/wp-content\/uploads\/2017\/12\/2016-06-18-DSC6005-188bis-750x350.jpg\" height=\"350\" width=\"750\" alt=\"\" class=\"slider-328 slide-1195\" \/><\/li>\n                <li style=\"display: none; width: 100%;\" class=\"slide-1183 ms-image \" aria-roledescription=\"slide\" aria-label=\"slide-1183\" data-date=\"2017-12-29 19:20:03\"><img loading=\"lazy\" decoding=\"async\" src=\"https:\/\/asso-6art-sonchamp.fr\/wp-content\/uploads\/2017\/12\/2016-06-18-DSC5640-100bis-750x350.jpg\" height=\"350\" width=\"750\" alt=\"\" class=\"slider-328 slide-1183\" \/><\/li>\n                <li style=\"display: none; width: 100%;\" class=\"slide-1180 ms-image \" aria-roledescription=\"slide\" aria-label=\"slide-1180\" data-date=\"2017-12-29 19:19:33\"><img loading=\"lazy\" decoding=\"async\" src=\"https:\/\/asso-6art-sonchamp.fr\/wp-content\/uploads\/2017\/12\/2016-06-18-DSC5555-63bis-750x350.jpg\" height=\"350\" width=\"750\" alt=\"\" class=\"slider-328 slide-1180\" \/><\/li>\n                <li style=\"display: none; width: 100%;\" class=\"slide-1176 ms-image \" aria-roledescription=\"slide\" aria-label=\"slide-1176\" data-date=\"2017-12-29 19:18:50\"><img loading=\"lazy\" decoding=\"async\" src=\"https:\/\/asso-6art-sonchamp.fr\/wp-content\/uploads\/2017\/12\/2016-06-18-DSC5440-33bis-750x350.jpg\" height=\"350\" width=\"750\" alt=\"\" class=\"slider-328 slide-1176\" \/><\/li>\n                <li style=\"display: none; width: 100%;\" class=\"slide-1187 ms-image \" aria-roledescription=\"slide\" aria-label=\"slide-1187\" data-date=\"2017-12-29 19:20:45\"><img loading=\"lazy\" decoding=\"async\" src=\"https:\/\/asso-6art-sonchamp.fr\/wp-content\/uploads\/2017\/12\/2016-06-18-DSC5729-120bis-750x350.jpg\" height=\"350\" width=\"750\" alt=\"\" class=\"slider-328 slide-1187\" \/><\/li>\n                <li style=\"display: none; width: 100%;\" class=\"slide-1175 ms-image \" aria-roledescription=\"slide\" aria-label=\"slide-1175\" data-date=\"2017-12-29 19:18:39\"><img loading=\"lazy\" decoding=\"async\" src=\"https:\/\/asso-6art-sonchamp.fr\/wp-content\/uploads\/2017\/12\/2016-06-18-DSC5421-29bis-750x350.jpg\" height=\"350\" width=\"750\" alt=\"\" class=\"slider-328 slide-1175\" \/><\/li>\n                <li style=\"display: none; width: 100%;\" class=\"slide-1193 ms-image \" aria-roledescription=\"slide\" aria-label=\"slide-1193\" data-date=\"2017-12-29 19:21:44\"><img loading=\"lazy\" decoding=\"async\" src=\"https:\/\/asso-6art-sonchamp.fr\/wp-content\/uploads\/2017\/12\/2016-06-18-DSC5990-178bis-750x350.jpg\" height=\"350\" width=\"750\" alt=\"\" class=\"slider-328 slide-1193\" \/><\/li>\n                <li style=\"display: none; width: 100%;\" class=\"slide-1172 ms-image \" aria-roledescription=\"slide\" aria-label=\"slide-1172\" data-date=\"2017-12-29 19:18:10\"><img loading=\"lazy\" decoding=\"async\" src=\"https:\/\/asso-6art-sonchamp.fr\/wp-content\/uploads\/2017\/12\/2016-06-18-DSC5368-12bis-750x350.jpg\" height=\"350\" width=\"750\" alt=\"\" class=\"slider-328 slide-1172\" \/><\/li>\n                <li style=\"display: none; width: 100%;\" class=\"slide-1173 ms-image \" aria-roledescription=\"slide\" aria-label=\"slide-1173\" data-date=\"2017-12-29 19:18:20\"><img loading=\"lazy\" decoding=\"async\" src=\"https:\/\/asso-6art-sonchamp.fr\/wp-content\/uploads\/2017\/12\/2016-06-18-DSC5377-15bis-750x350.jpg\" height=\"350\" width=\"750\" alt=\"\" class=\"slider-328 slide-1173\" \/><\/li>\n                <li style=\"display: none; width: 100%;\" class=\"slide-1191 ms-image \" aria-roledescription=\"slide\" aria-label=\"slide-1191\" data-date=\"2017-12-29 19:21:24\"><img loading=\"lazy\" decoding=\"async\" src=\"https:\/\/asso-6art-sonchamp.fr\/wp-content\/uploads\/2017\/12\/2016-06-18-DSC5941-166bis-750x350.jpg\" height=\"350\" width=\"750\" alt=\"\" class=\"slider-328 slide-1191\" \/><\/li>\n                <li style=\"display: none; width: 100%;\" class=\"slide-1188 ms-image \" aria-roledescription=\"slide\" aria-label=\"slide-1188\" data-date=\"2017-12-29 19:20:56\"><img loading=\"lazy\" decoding=\"async\" src=\"https:\/\/asso-6art-sonchamp.fr\/wp-content\/uploads\/2017\/12\/2016-06-18-DSC5750-124bis-750x350.jpg\" height=\"350\" width=\"750\" alt=\"\" class=\"slider-328 slide-1188\" \/><\/li>\n                <li style=\"display: none; width: 100%;\" class=\"slide-1181 ms-image \" aria-roledescription=\"slide\" aria-label=\"slide-1181\" data-date=\"2017-12-29 19:19:43\"><img loading=\"lazy\" decoding=\"async\" src=\"https:\/\/asso-6art-sonchamp.fr\/wp-content\/uploads\/2017\/12\/2016-06-18-DSC5610-83bis-750x350.jpg\" height=\"350\" width=\"750\" alt=\"\" class=\"slider-328 slide-1181\" \/><\/li>\n                <li style=\"display: none; width: 100%;\" class=\"slide-1179 ms-image \" aria-roledescription=\"slide\" aria-label=\"slide-1179\" data-date=\"2017-12-29 19:19:23\"><img loading=\"lazy\" decoding=\"async\" src=\"https:\/\/asso-6art-sonchamp.fr\/wp-content\/uploads\/2017\/12\/2016-06-18-DSC5532-60bis-750x350.jpg\" height=\"350\" width=\"750\" alt=\"\" class=\"slider-328 slide-1179\" \/><\/li>\n                <li style=\"display: none; width: 100%;\" class=\"slide-1197 ms-image \" aria-roledescription=\"slide\" aria-label=\"slide-1197\" data-date=\"2017-12-29 19:22:20\"><img loading=\"lazy\" decoding=\"async\" src=\"https:\/\/asso-6art-sonchamp.fr\/wp-content\/uploads\/2017\/12\/2016-06-18-DSC6070-221bis-750x350.jpg\" height=\"350\" width=\"750\" alt=\"\" class=\"slider-328 slide-1197\" \/><\/li>\n                <li style=\"display: none; width: 100%;\" class=\"slide-1174 ms-image \" aria-roledescription=\"slide\" aria-label=\"slide-1174\" data-date=\"2017-12-29 19:18:31\"><img loading=\"lazy\" decoding=\"async\" src=\"https:\/\/asso-6art-sonchamp.fr\/wp-content\/uploads\/2017\/12\/2016-06-18-DSC5391-23bis-750x350.jpg\" height=\"350\" width=\"750\" alt=\"\" class=\"slider-328 slide-1174\" \/><\/li>\n                <li style=\"display: none; width: 100%;\" class=\"slide-1186 ms-image \" aria-roledescription=\"slide\" aria-label=\"slide-1186\" data-date=\"2017-12-29 19:20:34\"><img loading=\"lazy\" decoding=\"async\" src=\"https:\/\/asso-6art-sonchamp.fr\/wp-content\/uploads\/2017\/12\/2016-06-18-DSC5670-111bis-750x350.jpg\" height=\"350\" width=\"750\" alt=\"\" class=\"slider-328 slide-1186\" \/><\/li>\n                <li style=\"display: none; width: 100%;\" class=\"slide-1198 ms-image \" aria-roledescription=\"slide\" aria-label=\"slide-1198\" data-date=\"2017-12-29 19:22:31\"><img loading=\"lazy\" decoding=\"async\" src=\"https:\/\/asso-6art-sonchamp.fr\/wp-content\/uploads\/2017\/12\/2016-06-18-DSC6097-235bis-750x350.jpg\" height=\"350\" width=\"750\" alt=\"\" class=\"slider-328 slide-1198\" \/><\/li>\n            <\/ul>\n        <\/div>\n        \n    <\/div>\n<\/div><\/strong><\/em><\/p>\n<p style=\"text-align: center;\"><span style=\"font-size: 18pt; color: #000000;\"><em><strong>L&rsquo;association 6<sup>\u00e8me<\/sup> Art a mis ses chaussons en 2012<\/strong><\/em><\/span><\/p>\n<p style=\"text-align: left;\"><span style=\"color: #000000;\">L\u2019association de danse 6<sup>\u00e8me<\/sup> Art a pris la suite de l\u2019\u00c9cole de danse communale de Sonchamp et d\u2019Avana Danse.<\/span><\/p>\n<h1><span style=\"color: #000000;\"><span style=\"color: #993300;\"><strong>De l<\/strong><\/span><strong><span style=\"color: #993300;\">a danse pour tous<\/span> <span style=\"font-size: 12pt;\">(<a style=\"color: #000000;\" href=\"https:\/\/www.youtube.com\/watch?v=Vh49OTWitP4&amp;feature=youtu.be\" target=\"_blank\">vid\u00e9o de pr\u00e9sentation<\/a>)<\/span><br \/>\n<\/strong><\/span><\/h1>\n<p><span style=\"color: #000000;\">Nos <a style=\"color: #000000;\" href=\"http:\/\/asso-6art-sonchamp.fr\/index.php\/nos-cours\/\" target=\"_blank\">cours de danse<\/a> commencent \u00e0 4 ans et sans limite d\u2019\u00e2ge.<\/span><br \/>\n<span style=\"color: #000000;\"> Ils se pratiquent sur tous les modes\u00a0:<\/span><\/p>\n<ul style=\"list-style-type: disc;\">\n<li><span style=\"color: #000000;\">\u00c9veil \u00e0 la danse<\/span><\/li>\n<li><span style=\"color: #000000;\">Initiation<\/span><\/li>\n<li><span style=\"color: #000000;\">Modern\/modernJazz<\/span><\/li>\n<li><span style=\"color: #000000;\">Classique<\/span><\/li>\n<li><span style=\"color: #000000;\"><a style=\"color: #000000;\" href=\"http:\/\/asso-6art-sonchamp.fr\/index.php\/nos-cours\/hip-hop-et-dancehall\/\" target=\"_blank\">Hip-hop<\/a><\/span><\/li>\n<li>3 Cies de Danse : 2 en Hip-Hop (Meltin&rsquo;Kidz et Meltin&rsquo;Skills) et 1 en Modern (A Corps et Accords).<\/li>\n<\/ul>\n<h2><span style=\"color: #993300;\">Des professeurs passionn\u00e9s<\/span><\/h2>\n<p><span style=\"color: #000000;\">Nos cours de danse sont une affaire s\u00e9rieuse : <a style=\"color: #000000;\" href=\"http:\/\/asso-6art-sonchamp.fr\/index.php\/nos-professeurs\/\">nos professeures<\/a> sont des passionn\u00e9es qui ont \u00e0 c\u0153ur de partager et transmettre leur amour de la danse.<\/span><\/p>\n<p><span style=\"color: #000000;\">Nos\u00a0 professeurs peuvent \u00e9galement \u00eatre <a style=\"color: #000000;\" href=\"http:\/\/asso-6art-sonchamp.fr\/index.php\/les-compagnies\/\" target=\"_blank\">chor\u00e9graphes de Compagnies, <\/a>et ils sont dipl\u00f4m\u00e9s d\u2019\u00c9tat ou \u00e9quivalent dans les disciplines Modern\/ModernJazz et Classique.<\/span><\/p>\n<p><span style=\"color: #000000;\">Dans nos cours de danse, nos \u00e9l\u00e8ves apprennent \u00e0\u2026 danser\u00a0avec le sourire\u00a0! Guid\u00e9s par ces professeurs exigeants et respectueux des capacit\u00e9s de chacun, ils apprennent \u00e0 ma\u00eetriser une technique rigoureuse. Ils progressent ainsi avec plaisir jusqu\u2019au Gala.<\/span><\/p>\n<p><span style=\"color: #993300;\"><strong><span style=\"font-size: 18pt;\">T<\/span><span style=\"font-size: 14pt;\"><span style=\"font-size: 18pt;\">ous<\/span> <span style=\"font-size: 18pt;\">les deux ans\u00a0: le Gala\u00a0!<\/span><\/span><\/strong><\/span><\/p>\n<p><span style=\"color: #000000;\">Un an sur deux, <a style=\"color: #000000;\" href=\"http:\/\/asso-6art-sonchamp.fr\/index.php\/gala\/\" target=\"_blank\">le Gala<\/a> remplit au mois de juin une salle de spectacle pour une repr\u00e9sentation de haute vol\u00e9e. Les ann\u00e9es sans Gala, les \u00e9l\u00e8ves pr\u00e9sentent des d\u00e9monstrations de danse dans le gymnase de Sonchamp.<br \/>\n<\/span><\/p>\n<p><span style=\"color: #000000;\">Nous avons \u00e9galement \u00e0 c\u0153ur de permettre \u00e0 nos \u00e9l\u00e8ves de participer au T\u00e9l\u00e9thon quand c\u2019est possible. Comme en\u00a02012 et\u00a02013 avec la ville de Rambouillet, en 2019 avec la ville de Dourdan et 2024 sur la commune de Sonchamp.<br \/>\n<\/span><\/p>\n<h3><span style=\"color: #993300;\"><strong>Cours hebdos<br \/>\n<\/strong><\/span><\/h3>\n<p><span style=\"color: #000000;\">Avant la crise sanitaire actuelle, notre \u00e9quipe parfaitement rod\u00e9e g\u00e8rait ainsi 213 \u00e9l\u00e8ves pour <a style=\"color: #000000;\" href=\"http:\/\/asso-6art-sonchamp.fr\/index.php\/nos-cours\/\">26 cours hebdomadaires <\/a>(2019-2020).<\/span><\/p>\n<p>Les effectifs sont de 138 inscrits en 2022-2023.<\/p>\n<p><span style=\"color: #000000;\">Les cours sont dispens\u00e9s \u00e0 Sonchamp (au Gymnase ou \u00e0 Greffiers), communes proches de Saint-Arnoult-en-Yvelines et Rambouillet.<\/span><\/p>\n<h4><span style=\"color: #000000;\"><strong><span style=\"color: #993300;\">Gestion de l\u2019association<\/span><br \/>\n<\/strong><\/span><\/h4>\n<p><span style=\"color: #000000;\">Le <a style=\"color: #000000;\" href=\"http:\/\/asso-6art-sonchamp.fr\/index.php\/news\/le-bureau-de-6eme-art\/\">Bureau<\/a> compte 5 membres.<\/span><\/p>\n","protected":false},"excerpt":{"rendered":"<p>L&rsquo;association 6\u00e8me Art a mis ses chaussons en 2012 L\u2019association de danse 6\u00e8me Art a pris la suite de l\u2019\u00c9cole de danse communale de Sonchamp et d\u2019Avana Danse. De la danse pour tous (vid\u00e9o de pr\u00e9sentation) Nos cours de danse commencent \u00e0 4 ans et sans limite d\u2019\u00e2ge. Ils se pratiquent sur tous les modes\u00a0: &hellip; <a href=\"https:\/\/asso-6art-sonchamp.fr\/index.php\/asso6emeart\/\" class=\"more-link\">Continuer la lecture de <span class=\"screen-reader-text\">Association 6\u00e8me Art<\/span>  <span class=\"meta-nav\">&rarr;<\/span><\/a><\/p>\n","protected":false},"author":1,"featured_media":0,"parent":0,"menu_order":0,"comment_status":"closed","ping_status":"closed","template":"","meta":{"_acf_changed":false,"jetpack_post_was_ever_published":false,"footnotes":""},"class_list":["post-20","page","type-page","status-publish","hentry"],"acf":[],"jetpack_sharing_enabled":true,"jetpack_shortlink":"https:\/\/wp.me\/P6Yl4y-k","jetpack-related-posts":[],"_links":{"self":[{"href":"https:\/\/asso-6art-sonchamp.fr\/index.php\/wp-json\/wp\/v2\/pages\/20","targetHints":{"allow":["GET"]}}],"collection":[{"href":"https:\/\/asso-6art-sonchamp.fr\/index.php\/wp-json\/wp\/v2\/pages"}],"about":[{"href":"https:\/\/asso-6art-sonchamp.fr\/index.php\/wp-json\/wp\/v2\/types\/page"}],"author":[{"embeddable":true,"href":"https:\/\/asso-6art-sonchamp.fr\/index.php\/wp-json\/wp\/v2\/users\/1"}],"replies":[{"embeddable":true,"href":"https:\/\/asso-6art-sonchamp.fr\/index.php\/wp-json\/wp\/v2\/comments?post=20"}],"version-history":[{"count":43,"href":"https:\/\/asso-6art-sonchamp.fr\/index.php\/wp-json\/wp\/v2\/pages\/20\/revisions"}],"predecessor-version":[{"id":2124,"href":"https:\/\/asso-6art-sonchamp.fr\/index.php\/wp-json\/wp\/v2\/pages\/20\/revisions\/2124"}],"wp:attachment":[{"href":"https:\/\/asso-6art-sonchamp.fr\/index.php\/wp-json\/wp\/v2\/media?parent=20"}],"curies":[{"name":"wp","href":"https:\/\/api.w.org\/{rel}","templated":true}]}}