{"id":1968,"date":"2023-07-02T16:01:14","date_gmt":"2023-07-02T15:01:14","guid":{"rendered":"http:\/\/asso-6art-sonchamp.fr\/?page_id=1968"},"modified":"2025-04-17T21:54:30","modified_gmt":"2025-04-17T20:54:30","slug":"meltinskills","status":"publish","type":"page","link":"https:\/\/asso-6art-sonchamp.fr\/index.php\/les-compagnies\/meltinskills\/","title":{"rendered":"Meltin&rsquo;Skills"},"content":{"rendered":"<div id=\"pl-1968\"  class=\"panel-layout\" ><div id=\"pg-1968-0\"  class=\"panel-grid panel-no-style\" ><div id=\"pgc-1968-0-0\"  class=\"panel-grid-cell\" ><div id=\"panel-1968-0-0-0\" class=\"so-panel widget widget_sow-editor panel-first-child panel-last-child\" data-index=\"0\" ><div style=\"padding: 20px 20px 20px 20px;\" class=\"panel-widget-style panel-widget-style-for-1968-0-0-0\" ><div\n\t\t\t\n\t\t\tclass=\"so-widget-sow-editor so-widget-sow-editor-base\"\n\t\t\t\n\t\t>\n<div class=\"siteorigin-widget-tinymce textwidget\">\n\t<h2 style=\"text-align: center;\"><span style=\"color: #000000;\"><a style=\"color: #000000;\" href=\"http:\/\/asso-6art-sonchamp.fr\/index.php\/les-compagnies\/meltinskills\/skills-gene1-2\/\">Meltin'Skills, 1\u00e8re g\u00e9n\u00e9ration<\/a><\/span><\/h2>\n<p><span style=\"color: #000000;\"><a style=\"color: #000000;\" href=\"http:\/\/asso-6art-sonchamp.fr\/index.php\/les-compagnies\/meltinskills\/skills-gene1-2\/\"><img data-attachment-id=\"1990\" data-permalink=\"https:\/\/asso-6art-sonchamp.fr\/index.php\/les-compagnies\/meltinskills\/kidz-2\/\" data-orig-file=\"https:\/\/asso-6art-sonchamp.fr\/wp-content\/uploads\/2023\/07\/Kidz.jpg\" data-orig-size=\"4288,2848\" data-comments-opened=\"0\" data-image-meta=\"{&quot;aperture&quot;:&quot;3.5&quot;,&quot;credit&quot;:&quot;&quot;,&quot;camera&quot;:&quot;PENTAX K-r&quot;,&quot;caption&quot;:&quot;&quot;,&quot;created_timestamp&quot;:&quot;1542317885&quot;,&quot;copyright&quot;:&quot;&quot;,&quot;focal_length&quot;:&quot;18&quot;,&quot;iso&quot;:&quot;800&quot;,&quot;shutter_speed&quot;:&quot;0.066666666666667&quot;,&quot;title&quot;:&quot;&quot;,&quot;orientation&quot;:&quot;1&quot;}\" data-image-title=\"Kidz\" data-image-description=\"\" data-image-caption=\"\" data-medium-file=\"https:\/\/asso-6art-sonchamp.fr\/wp-content\/uploads\/2023\/07\/Kidz-300x199.jpg\" data-large-file=\"https:\/\/asso-6art-sonchamp.fr\/wp-content\/uploads\/2023\/07\/Kidz-1024x680.jpg\" loading=\"lazy\" decoding=\"async\" class=\"aligncenter wp-image-1990 size-medium\" src=\"http:\/\/asso-6art-sonchamp.fr\/wp-content\/uploads\/2023\/07\/Kidz-300x199.jpg\" alt=\"Kidz\" width=\"300\" height=\"199\" srcset=\"https:\/\/asso-6art-sonchamp.fr\/wp-content\/uploads\/2023\/07\/Kidz-300x199.jpg 300w, https:\/\/asso-6art-sonchamp.fr\/wp-content\/uploads\/2023\/07\/Kidz-768x510.jpg 768w, https:\/\/asso-6art-sonchamp.fr\/wp-content\/uploads\/2023\/07\/Kidz-1024x680.jpg 1024w\" sizes=\"auto, (max-width: 300px) 100vw, 300px\" \/><\/a><\/span><\/p>\n<p><strong><span style=\"color: #000000;\">Ema Bertaud (2018-2019), Yanis Bissaud (2018-2019), Dalvince Boyer (2019-2020), Oc\u00e9ane Dhomm\u00e9e (2018-2019), L\u00e9a Dupuy-Wintz (2018-2020), Emma Giry (2018-2021), Cassandre Larri\u00e8re (2018-2021), Lucas M\u00e9tais (2018-2020), Alexia Minic (2018-2021), Loane Mohar (2018-2021)<\/span><br \/>\n<\/strong><\/p>\n<p><strong>Chor\u00e9graphies et direction par Sandrine Guilhem<\/strong><\/p>\n<\/div>\n<\/div><\/div><\/div><\/div><div id=\"pgc-1968-0-1\"  class=\"panel-grid-cell\" ><div id=\"panel-1968-0-1-0\" class=\"so-panel widget widget_sow-editor panel-first-child panel-last-child\" data-index=\"1\" ><div style=\"padding: 20px 20px 20px 20px;border: 1px solid #ed9468;\" class=\"panel-widget-style panel-widget-style-for-1968-0-1-0\" ><div\n\t\t\t\n\t\t\tclass=\"so-widget-sow-editor so-widget-sow-editor-base\"\n\t\t\t\n\t\t>\n<div class=\"siteorigin-widget-tinymce textwidget\">\n\t<h2 style=\"text-align: center;\"><span style=\"color: #000000;\"><a style=\"color: #000000;\" href=\"https:\/\/asso-6art-sonchamp.fr\/index.php\/meltinskills-2eme-generation-2\/\">Meltin'Skills, 2\u00e8me g\u00e9n\u00e9ration<\/a><\/span><a href=\"http:\/\/asso-6art-sonchamp.fr\/wp-content\/uploads\/2025\/04\/9-Justine-scaled.jpg\" rel=\"attachment wp-att-2098\"><img data-attachment-id=\"2172\" data-permalink=\"https:\/\/asso-6art-sonchamp.fr\/index.php\/les-compagnies\/meltinskills\/design-sans-titre-11\/\" data-orig-file=\"https:\/\/asso-6art-sonchamp.fr\/wp-content\/uploads\/2025\/04\/9-Justine-scaled.jpg\" data-orig-size=\"2560,1898\" data-comments-opened=\"0\" data-image-meta=\"{&quot;aperture&quot;:&quot;0&quot;,&quot;credit&quot;:&quot;melina_castin&quot;,&quot;camera&quot;:&quot;&quot;,&quot;caption&quot;:&quot;&quot;,&quot;created_timestamp&quot;:&quot;0&quot;,&quot;copyright&quot;:&quot;&quot;,&quot;focal_length&quot;:&quot;0&quot;,&quot;iso&quot;:&quot;0&quot;,&quot;shutter_speed&quot;:&quot;0&quot;,&quot;title&quot;:&quot;Design sans titre - 11&quot;,&quot;orientation&quot;:&quot;1&quot;}\" data-image-title=\"Design sans titre &#8211; 11\" data-image-description=\"\" data-image-caption=\"\" data-medium-file=\"https:\/\/asso-6art-sonchamp.fr\/wp-content\/uploads\/2025\/04\/9-Justine-300x222.jpg\" data-large-file=\"https:\/\/asso-6art-sonchamp.fr\/wp-content\/uploads\/2025\/04\/9-Justine-1024x759.jpg\" loading=\"lazy\" decoding=\"async\" class=\"aligncenter wp-image-2172 size-medium\" src=\"http:\/\/asso-6art-sonchamp.fr\/wp-content\/uploads\/2025\/04\/9-Justine-300x222.jpg\" alt=\"\" width=\"300\" height=\"222\" srcset=\"https:\/\/asso-6art-sonchamp.fr\/wp-content\/uploads\/2025\/04\/9-Justine-300x222.jpg 300w, https:\/\/asso-6art-sonchamp.fr\/wp-content\/uploads\/2025\/04\/9-Justine-1024x759.jpg 1024w, https:\/\/asso-6art-sonchamp.fr\/wp-content\/uploads\/2025\/04\/9-Justine-768x569.jpg 768w, https:\/\/asso-6art-sonchamp.fr\/wp-content\/uploads\/2025\/04\/9-Justine-1536x1139.jpg 1536w, https:\/\/asso-6art-sonchamp.fr\/wp-content\/uploads\/2025\/04\/9-Justine-2048x1518.jpg 2048w\" sizes=\"auto, (max-width: 300px) 100vw, 300px\" \/><\/a><\/h2>\n<p><strong><em>Rapha\u00eblle Bideau (2023), Nathan Brault (2023-2024), Lilo\u00e9 Da Gloria (2023),\u00a0 Zo\u00e9 Fortuna (2023), Emma Giry (2023), Elisa Lanuza (2023),\u00a0 Cassandre Larri\u00e8re (2024), Eva Mohar (2023-2024), Cellenda Racon (2024), Lisa Raviot (2023).<\/em><\/strong><\/p>\n<p><strong>Chor\u00e9graphies et direction par Justine Lambin<br \/>\n<\/strong><\/p>\n<\/div>\n<\/div><\/div><\/div><\/div><\/div><\/div>","protected":false},"excerpt":{"rendered":"<p>Meltin&rsquo;Skills, 1\u00e8re g\u00e9n\u00e9ration Ema Bertaud (2018-2019), Yanis Bissaud (2018-2019), Dalvince Boyer (2019-2020), Oc\u00e9ane Dhomm\u00e9e (2018-2019), L\u00e9a Dupuy-Wintz (2018-2020), Emma Giry (2018-2021), Cassandre Larri\u00e8re (2018-2021), Lucas M\u00e9tais (2018-2020), Alexia Minic (2018-2021), Loane Mohar (2018-2021) Chor\u00e9graphies et direction par Sandrine Guilhem Meltin&rsquo;Skills, 2\u00e8me g\u00e9n\u00e9ration Rapha\u00eblle Bideau (2023), Nathan Brault (2023-2024), Lilo\u00e9 Da Gloria (2023),\u00a0 Zo\u00e9 Fortuna (2023), &hellip; <a href=\"https:\/\/asso-6art-sonchamp.fr\/index.php\/les-compagnies\/meltinskills\/\" class=\"more-link\">Continuer la lecture de <span class=\"screen-reader-text\">Meltin&rsquo;Skills<\/span>  <span class=\"meta-nav\">&rarr;<\/span><\/a><\/p>\n","protected":false},"author":1,"featured_media":0,"parent":98,"menu_order":0,"comment_status":"closed","ping_status":"closed","template":"","meta":{"_acf_changed":false,"jetpack_post_was_ever_published":false,"footnotes":""},"class_list":["post-1968","page","type-page","status-publish","hentry"],"acf":[],"jetpack_sharing_enabled":true,"jetpack_shortlink":"https:\/\/wp.me\/P6Yl4y-vK","jetpack-related-posts":[],"_links":{"self":[{"href":"https:\/\/asso-6art-sonchamp.fr\/index.php\/wp-json\/wp\/v2\/pages\/1968","targetHints":{"allow":["GET"]}}],"collection":[{"href":"https:\/\/asso-6art-sonchamp.fr\/index.php\/wp-json\/wp\/v2\/pages"}],"about":[{"href":"https:\/\/asso-6art-sonchamp.fr\/index.php\/wp-json\/wp\/v2\/types\/page"}],"author":[{"embeddable":true,"href":"https:\/\/asso-6art-sonchamp.fr\/index.php\/wp-json\/wp\/v2\/users\/1"}],"replies":[{"embeddable":true,"href":"https:\/\/asso-6art-sonchamp.fr\/index.php\/wp-json\/wp\/v2\/comments?post=1968"}],"version-history":[{"count":18,"href":"https:\/\/asso-6art-sonchamp.fr\/index.php\/wp-json\/wp\/v2\/pages\/1968\/revisions"}],"predecessor-version":[{"id":2352,"href":"https:\/\/asso-6art-sonchamp.fr\/index.php\/wp-json\/wp\/v2\/pages\/1968\/revisions\/2352"}],"up":[{"embeddable":true,"href":"https:\/\/asso-6art-sonchamp.fr\/index.php\/wp-json\/wp\/v2\/pages\/98"}],"wp:attachment":[{"href":"https:\/\/asso-6art-sonchamp.fr\/index.php\/wp-json\/wp\/v2\/media?parent=1968"}],"curies":[{"name":"wp","href":"https:\/\/api.w.org\/{rel}","templated":true}]}}