{"id":186,"date":"2016-01-26T11:22:29","date_gmt":"2016-01-26T10:22:29","guid":{"rendered":"http:\/\/asso-6art-sonchamp.fr\/?page_id=186"},"modified":"2016-02-09T22:09:40","modified_gmt":"2016-02-09T21:09:40","slug":"ragga-dancehall","status":"publish","type":"page","link":"https:\/\/asso-6art-sonchamp.fr\/index.php\/nos-cours\/ragga-dancehall\/","title":{"rendered":"Ragga dancehall"},"content":{"rendered":"<p><span style=\"font-size: 14pt;\"><strong>Le ragga dancehall est bas\u00e9 sur des ondulations du corps, des mouvements saccad\u00e9s et des sauts.<\/strong><\/span><\/p>\n<h1><strong>Ragga dancehall<\/strong><\/h1>\n<p>Danse qui peut \u00eatre sensuelle, le ragga dancehall garde un esprit festif et de d\u00e9fi, \u00e0 l&rsquo;instar du hip-hop.<\/p>\n<h4><strong>Des origines jama\u00efcaines<\/strong><\/h4>\n<p>Elle est inspir\u00e9e de la musique populaire jama\u00efcaine dite dancehall (\u00ab\u00a0salle de bal\u00a0\u00bb), variante du reggae \u00e0 la fin des ann\u00e9es 70.<\/p>\n<p>Cette danse s\u2019appuie \u00e9galement sur le ragga caract\u00e9ris\u00e9 par un rythme plus rapide et la pr\u00e9sence de l\u2019\u00e9lectronique au milieu des ann\u00e9es 80.<\/p>\n","protected":false},"excerpt":{"rendered":"<p>Le ragga dancehall est bas\u00e9 sur des ondulations du corps, des mouvements saccad\u00e9s et des sauts. Ragga dancehall Danse qui peut \u00eatre sensuelle, le ragga dancehall garde un esprit festif et de d\u00e9fi, \u00e0 l&rsquo;instar du hip-hop. Des origines jama\u00efcaines Elle est inspir\u00e9e de la musique populaire jama\u00efcaine dite dancehall (\u00ab\u00a0salle de bal\u00a0\u00bb), variante du &hellip; <a href=\"https:\/\/asso-6art-sonchamp.fr\/index.php\/nos-cours\/ragga-dancehall\/\" class=\"more-link\">Continuer la lecture de <span class=\"screen-reader-text\">Ragga dancehall<\/span>  <span class=\"meta-nav\">&rarr;<\/span><\/a><\/p>\n","protected":false},"author":1,"featured_media":0,"parent":62,"menu_order":0,"comment_status":"closed","ping_status":"closed","template":"","meta":{"_acf_changed":false,"jetpack_post_was_ever_published":false,"footnotes":""},"class_list":["post-186","page","type-page","status-publish","hentry"],"acf":[],"jetpack_sharing_enabled":true,"jetpack_shortlink":"https:\/\/wp.me\/P6Yl4y-30","jetpack-related-posts":[],"_links":{"self":[{"href":"https:\/\/asso-6art-sonchamp.fr\/index.php\/wp-json\/wp\/v2\/pages\/186","targetHints":{"allow":["GET"]}}],"collection":[{"href":"https:\/\/asso-6art-sonchamp.fr\/index.php\/wp-json\/wp\/v2\/pages"}],"about":[{"href":"https:\/\/asso-6art-sonchamp.fr\/index.php\/wp-json\/wp\/v2\/types\/page"}],"author":[{"embeddable":true,"href":"https:\/\/asso-6art-sonchamp.fr\/index.php\/wp-json\/wp\/v2\/users\/1"}],"replies":[{"embeddable":true,"href":"https:\/\/asso-6art-sonchamp.fr\/index.php\/wp-json\/wp\/v2\/comments?post=186"}],"version-history":[{"count":2,"href":"https:\/\/asso-6art-sonchamp.fr\/index.php\/wp-json\/wp\/v2\/pages\/186\/revisions"}],"predecessor-version":[{"id":388,"href":"https:\/\/asso-6art-sonchamp.fr\/index.php\/wp-json\/wp\/v2\/pages\/186\/revisions\/388"}],"up":[{"embeddable":true,"href":"https:\/\/asso-6art-sonchamp.fr\/index.php\/wp-json\/wp\/v2\/pages\/62"}],"wp:attachment":[{"href":"https:\/\/asso-6art-sonchamp.fr\/index.php\/wp-json\/wp\/v2\/media?parent=186"}],"curies":[{"name":"wp","href":"https:\/\/api.w.org\/{rel}","templated":true}]}}