{"id":151,"date":"2016-01-25T12:17:45","date_gmt":"2016-01-25T11:17:45","guid":{"rendered":"http:\/\/asso-6art-sonchamp.fr\/?page_id=151"},"modified":"2023-07-02T15:25:25","modified_gmt":"2023-07-02T14:25:25","slug":"aurelie-aldebert","status":"publish","type":"page","link":"https:\/\/asso-6art-sonchamp.fr\/index.php\/nos-professeurs\/aurelie-aldebert\/","title":{"rendered":"Aur\u00e9lie Aldebert"},"content":{"rendered":"<div id=\"pl-151\"  class=\"panel-layout\" ><div id=\"pg-151-0\"  class=\"panel-grid panel-no-style\"  style=\"margin-bottom: 10px\" ><div id=\"pgc-151-0-0\"  class=\"panel-grid-cell\" ><div id=\"panel-151-0-0-0\" class=\"so-panel widget widget_sow-editor panel-first-child panel-last-child\" data-index=\"0\" ><div\n\t\t\t\n\t\t\tclass=\"so-widget-sow-editor so-widget-sow-editor-base\"\n\t\t\t\n\t\t>\n<div class=\"siteorigin-widget-tinymce textwidget\">\n\t<ul><li>Professeure de <a href=\"http:\/\/asso-6art-sonchamp.fr\/index.php\/nos-cours\/hip-hop-et-dancehall\/\" target=\"_blank\">hip-hop<\/a><\/li><li>Chor\u00e9graphe<\/li><li>Coach sportif certifi\u00e9 Creps<\/li><li>Enseigne \u00e0 6<sup>\u00e8me<\/sup> Art (et pr\u00e9c\u00e9demment \u00e0 Avana Danse) depuis 2009<\/li><li>Enseigne \u00e0 Step 2 Dance de Buc depuis 2017<\/li><li>A enseign\u00e9 \u00e9galement \u00e0 l\u2019\u00c9cole de danse Contretemps de Guyancourt jusqu'en 2007<strong><br \/> <\/strong><\/li><\/ul><h3><span style=\"font-size: 14pt;\"><strong>Se surpasser, \u00e9voluer et laisser le corps\u00a0 s\u2019exprimer\u00a0: les 3 fondamentaux des cours d\u2019Aur\u00e9lie<\/strong><\/span><\/h3><p>Professeure de hip-hop depuis 2004, Aur\u00e9lie enseigne avec passion et rigueur cette technique pluridisciplinaire.<\/p><p>Elle accompagne et forme ses danseurs du simple loisir jusqu\u2019\u00e0 la professionnalisation en s\u2019adaptant aux capacit\u00e9s de chacun.<\/p><p>Elle est aussi chor\u00e9graphe des compagnies Meltin'Urban Crew\u00a0 et Meltinside Crew rattach\u00e9es \u00e0 Step 2 Dance.<\/p><p>Aur\u00e9lie est \u00e9galement habilit\u00e9e pour proposer des cours de Pilates.<br \/>\u00a0<\/p><\/div>\n<\/div><\/div><\/div><div id=\"pgc-151-0-1\"  class=\"panel-grid-cell\" ><div id=\"panel-151-0-1-0\" class=\"so-panel widget widget_sow-editor panel-first-child panel-last-child\" data-index=\"1\" ><div\n\t\t\t\n\t\t\tclass=\"so-widget-sow-editor so-widget-sow-editor-base\"\n\t\t\t\n\t\t>\n<div class=\"siteorigin-widget-tinymce textwidget\">\n\t<p style=\"text-align: justify;\"><a href=\"http:\/\/asso-6art-sonchamp.fr\/wp-content\/uploads\/2016\/01\/Laly.jpg\"><img data-attachment-id=\"174\" data-permalink=\"https:\/\/asso-6art-sonchamp.fr\/index.php\/nos-professeurs\/aurelie-aldebert\/laly\/\" data-orig-file=\"https:\/\/asso-6art-sonchamp.fr\/wp-content\/uploads\/2016\/01\/Laly.jpg\" data-orig-size=\"2233,2415\" data-comments-opened=\"0\" data-image-meta=\"{&quot;aperture&quot;:&quot;0&quot;,&quot;credit&quot;:&quot;&quot;,&quot;camera&quot;:&quot;PENTAX K-r&quot;,&quot;caption&quot;:&quot;&quot;,&quot;created_timestamp&quot;:&quot;1304795137&quot;,&quot;copyright&quot;:&quot;&quot;,&quot;focal_length&quot;:&quot;135&quot;,&quot;iso&quot;:&quot;3200&quot;,&quot;shutter_speed&quot;:&quot;0.008&quot;,&quot;title&quot;:&quot;&quot;,&quot;orientation&quot;:&quot;1&quot;}\" data-image-title=\"Aur\u00e9lie Aldebert, professeure de hip-hop et chor\u00e9graphe\" data-image-description=\"\" data-image-caption=\"&lt;p&gt;    Aur\u00e9lie Aldebert, \u201cLaly\u201d, est professeure de hip-hop et chor\u00e9graphe de 2 Cies : Meltin\u2019Up et Meltin Urban Crew&lt;\/p&gt;\n\" data-medium-file=\"https:\/\/asso-6art-sonchamp.fr\/wp-content\/uploads\/2016\/01\/Laly-277x300.jpg\" data-large-file=\"https:\/\/asso-6art-sonchamp.fr\/wp-content\/uploads\/2016\/01\/Laly-947x1024.jpg\" loading=\"lazy\" decoding=\"async\" class=\"aligncenter wp-image-174\" title=\"Aur\u00e9lie Aldebert prof de hip-hop\" src=\"http:\/\/asso-6art-sonchamp.fr\/wp-content\/uploads\/2016\/01\/Laly-150x150.jpg\" alt=\"Aur\u00e9lie Aldebert, professeure de hip-hop et chor\u00e9graphe\" width=\"367\" height=\"397\" srcset=\"https:\/\/asso-6art-sonchamp.fr\/wp-content\/uploads\/2016\/01\/Laly-277x300.jpg 277w, https:\/\/asso-6art-sonchamp.fr\/wp-content\/uploads\/2016\/01\/Laly-947x1024.jpg 947w\" sizes=\"auto, (max-width: 367px) 100vw, 367px\" \/><\/a><\/p>\n<h3>\u00a0<\/h3>\n<\/div>\n<\/div><\/div><\/div><\/div><div id=\"pg-151-1\"  class=\"panel-grid panel-no-style\" ><div id=\"pgc-151-1-0\"  class=\"panel-grid-cell\" ><div id=\"panel-151-1-0-0\" class=\"so-panel widget widget_sow-editor panel-first-child panel-last-child\" data-index=\"2\" ><div\n\t\t\t\n\t\t\tclass=\"so-widget-sow-editor so-widget-sow-editor-base\"\n\t\t\t\n\t\t>\n<div class=\"siteorigin-widget-tinymce textwidget\">\n\t<div class=\"mceTemp\">\n<h1>Formation<\/h1>\n<\/div>\n<p>Aur\u00e9lie a d\u00e9but\u00e9 son parcours artistique avec la pratique de la GRS de haut niveau et en tant que danseuse au sein de compagnies ou en solo.<\/p>\n<p><strong>Ses formations<\/strong><\/p>\n<ul>\n<li>Danse classique, contemporaine, modern\u2019 jazz et hip-hop \u00e0 Paris\u00a0:\n<ul style=\"list-style-type: square;\">\n<li>Centre des Arts Vivants<\/li>\n<li>Studio Harmonic<\/li>\n<li>Choreia Arts Studio<\/li>\n<\/ul>\n<\/li>\n<\/ul>\n<p>\u00a0<\/p>\n<ul>\n<li>Danses urbaines \u00e0 New York :\n<ul style=\"list-style-type: square;\">\n<li>Broadway Dance Center<\/li>\n<li>Ailey School<\/li>\n<\/ul>\n<\/li>\n<\/ul>\n<p>\u00a0<\/p>\n<ul>\n<li>Brevet professionnel de la jeunesse, de l\u2019\u00e9ducation et du sport sp\u00e9cialit\u00e9 \u00ab\u00a0activit\u00e9s de la force et de la forme\u00a0\u00bb\u00a0:\n<ul style=\"list-style-type: square;\">\n<li>Creps \u00cele-de-France<\/li>\n<\/ul>\n<\/li>\n<\/ul>\n<p>\u00a0<\/p>\n<p><strong>Le savez-vous\u00a0?<\/strong><\/p>\n<p>New style, hype, locking, popping, house, <a href=\"http:\/\/asso-6art-sonchamp.fr\/index.php\/nos-cours\/ragga-dancehall\/\" target=\"_blank\">ragga dancehall<\/a>, break dance\u00a0sont des styles de hip-hop.<\/p>\n<\/div>\n<\/div><\/div><\/div><\/div><\/div>","protected":false},"excerpt":{"rendered":"<p>Professeure de hip-hopChor\u00e9grapheCoach sportif certifi\u00e9 CrepsEnseigne \u00e0 6\u00e8me Art (et pr\u00e9c\u00e9demment \u00e0 Avana Danse) depuis 2009Enseigne \u00e0 Step 2 Dance de Buc depuis 2017A enseign\u00e9 \u00e9galement \u00e0 l\u2019\u00c9cole de danse Contretemps de Guyancourt jusqu&rsquo;en 2007 Se surpasser, \u00e9voluer et laisser le corps\u00a0 s\u2019exprimer\u00a0: les 3 fondamentaux des cours d\u2019Aur\u00e9lieProfesseure de hip-hop depuis 2004, Aur\u00e9lie enseigne &hellip; <a href=\"https:\/\/asso-6art-sonchamp.fr\/index.php\/nos-professeurs\/aurelie-aldebert\/\" class=\"more-link\">Continuer la lecture de <span class=\"screen-reader-text\">Aur\u00e9lie Aldebert<\/span>  <span class=\"meta-nav\">&rarr;<\/span><\/a><\/p>\n","protected":false},"author":1,"featured_media":0,"parent":69,"menu_order":1,"comment_status":"closed","ping_status":"closed","template":"","meta":{"_acf_changed":false,"jetpack_post_was_ever_published":false,"footnotes":""},"class_list":["post-151","page","type-page","status-publish","hentry"],"acf":[],"jetpack_sharing_enabled":true,"jetpack_shortlink":"https:\/\/wp.me\/P6Yl4y-2r","jetpack-related-posts":[],"_links":{"self":[{"href":"https:\/\/asso-6art-sonchamp.fr\/index.php\/wp-json\/wp\/v2\/pages\/151","targetHints":{"allow":["GET"]}}],"collection":[{"href":"https:\/\/asso-6art-sonchamp.fr\/index.php\/wp-json\/wp\/v2\/pages"}],"about":[{"href":"https:\/\/asso-6art-sonchamp.fr\/index.php\/wp-json\/wp\/v2\/types\/page"}],"author":[{"embeddable":true,"href":"https:\/\/asso-6art-sonchamp.fr\/index.php\/wp-json\/wp\/v2\/users\/1"}],"replies":[{"embeddable":true,"href":"https:\/\/asso-6art-sonchamp.fr\/index.php\/wp-json\/wp\/v2\/comments?post=151"}],"version-history":[{"count":14,"href":"https:\/\/asso-6art-sonchamp.fr\/index.php\/wp-json\/wp\/v2\/pages\/151\/revisions"}],"predecessor-version":[{"id":1953,"href":"https:\/\/asso-6art-sonchamp.fr\/index.php\/wp-json\/wp\/v2\/pages\/151\/revisions\/1953"}],"up":[{"embeddable":true,"href":"https:\/\/asso-6art-sonchamp.fr\/index.php\/wp-json\/wp\/v2\/pages\/69"}],"wp:attachment":[{"href":"https:\/\/asso-6art-sonchamp.fr\/index.php\/wp-json\/wp\/v2\/media?parent=151"}],"curies":[{"name":"wp","href":"https:\/\/api.w.org\/{rel}","templated":true}]}}