{"id":1480,"date":"2019-12-28T12:24:50","date_gmt":"2019-12-28T11:24:50","guid":{"rendered":"http:\/\/asso-6art-sonchamp.fr\/?page_id=1480"},"modified":"2023-07-02T18:52:00","modified_gmt":"2023-07-02T17:52:00","slug":"jeunes-pousses","status":"publish","type":"page","link":"https:\/\/asso-6art-sonchamp.fr\/index.php\/les-compagnies\/jeunes-pousses\/","title":{"rendered":"Jeunes Pousses"},"content":{"rendered":"<p style=\"text-align: center;\"><strong>Chor\u00e9graphies et direction par Sandrine Guilhem<\/strong><\/p>\n<p><a href=\"http:\/\/asso-6art-sonchamp.fr\/wp-content\/uploads\/2019\/12\/PoussesBis.jpg\" rel=\"attachment wp-att-1481\"><img loading=\"lazy\" decoding=\"async\" data-attachment-id=\"1481\" data-permalink=\"https:\/\/asso-6art-sonchamp.fr\/index.php\/les-compagnies\/jeunes-pousses\/poussesbis\/\" data-orig-file=\"https:\/\/asso-6art-sonchamp.fr\/wp-content\/uploads\/2019\/12\/PoussesBis.jpg\" data-orig-size=\"646,542\" data-comments-opened=\"0\" data-image-meta=\"{&quot;aperture&quot;:&quot;0&quot;,&quot;credit&quot;:&quot;&quot;,&quot;camera&quot;:&quot;&quot;,&quot;caption&quot;:&quot;&quot;,&quot;created_timestamp&quot;:&quot;0&quot;,&quot;copyright&quot;:&quot;&quot;,&quot;focal_length&quot;:&quot;0&quot;,&quot;iso&quot;:&quot;0&quot;,&quot;shutter_speed&quot;:&quot;0&quot;,&quot;title&quot;:&quot;&quot;,&quot;orientation&quot;:&quot;1&quot;}\" data-image-title=\"PoussesBis\" data-image-description=\"\" data-image-caption=\"\" data-medium-file=\"https:\/\/asso-6art-sonchamp.fr\/wp-content\/uploads\/2019\/12\/PoussesBis-300x252.jpg\" data-large-file=\"https:\/\/asso-6art-sonchamp.fr\/wp-content\/uploads\/2019\/12\/PoussesBis.jpg\" class=\"aligncenter wp-image-1481 size-medium\" src=\"http:\/\/asso-6art-sonchamp.fr\/wp-content\/uploads\/2019\/12\/PoussesBis-300x252.jpg\" alt=\"PoussesBis\" width=\"300\" height=\"252\" srcset=\"https:\/\/asso-6art-sonchamp.fr\/wp-content\/uploads\/2019\/12\/PoussesBis-300x252.jpg 300w, https:\/\/asso-6art-sonchamp.fr\/wp-content\/uploads\/2019\/12\/PoussesBis.jpg 646w\" sizes=\"auto, (max-width: 300px) 100vw, 300px\" \/><\/a><\/p>\n<p style=\"text-align: center;\"><strong>Nathan Brault, Lilo\u00e9 Da Gloria, Timoth\u00e9 Eveno, Zo\u00e9 Fortuna, Matt\u00e9o Levesqueau, Eva Mohar, Lisa Raviot, Ya\u00ebl Vassout<br \/>\n<\/strong><\/p>\n<p style=\"text-align: center;\"><strong>(2018-2020)<\/strong><\/p>\n<p>&nbsp;<\/p>\n<ul>\n<li><strong>6 D\u00e9cembre 2019<\/strong> : participation au T\u00e9l\u00e9thon, ouverture du tournoi du HandClub de Dourdan, show \u00ab\u00a0Tor\u00e9ador\u00a0\u00bb.<\/li>\n<\/ul>\n<p><a href=\"http:\/\/asso-6art-sonchamp.fr\/wp-content\/uploads\/2019\/12\/Pousses2.jpg\" rel=\"attachment wp-att-1486\"><img loading=\"lazy\" decoding=\"async\" data-attachment-id=\"1486\" data-permalink=\"https:\/\/asso-6art-sonchamp.fr\/index.php\/les-compagnies\/jeunes-pousses\/pousses2\/\" data-orig-file=\"https:\/\/asso-6art-sonchamp.fr\/wp-content\/uploads\/2019\/12\/Pousses2.jpg\" data-orig-size=\"3481,2339\" data-comments-opened=\"0\" data-image-meta=\"{&quot;aperture&quot;:&quot;0&quot;,&quot;credit&quot;:&quot;&quot;,&quot;camera&quot;:&quot;&quot;,&quot;caption&quot;:&quot;&quot;,&quot;created_timestamp&quot;:&quot;0&quot;,&quot;copyright&quot;:&quot;&quot;,&quot;focal_length&quot;:&quot;0&quot;,&quot;iso&quot;:&quot;0&quot;,&quot;shutter_speed&quot;:&quot;0&quot;,&quot;title&quot;:&quot;&quot;,&quot;orientation&quot;:&quot;1&quot;}\" data-image-title=\"Pousses2\" data-image-description=\"\" data-image-caption=\"\" data-medium-file=\"https:\/\/asso-6art-sonchamp.fr\/wp-content\/uploads\/2019\/12\/Pousses2-300x202.jpg\" data-large-file=\"https:\/\/asso-6art-sonchamp.fr\/wp-content\/uploads\/2019\/12\/Pousses2-1024x688.jpg\" class=\"aligncenter wp-image-1486 size-large\" src=\"http:\/\/asso-6art-sonchamp.fr\/wp-content\/uploads\/2019\/12\/Pousses2-1024x688.jpg\" alt=\"Pousses2\" width=\"474\" height=\"318\" srcset=\"https:\/\/asso-6art-sonchamp.fr\/wp-content\/uploads\/2019\/12\/Pousses2-1024x688.jpg 1024w, https:\/\/asso-6art-sonchamp.fr\/wp-content\/uploads\/2019\/12\/Pousses2-300x202.jpg 300w, https:\/\/asso-6art-sonchamp.fr\/wp-content\/uploads\/2019\/12\/Pousses2-768x516.jpg 768w, https:\/\/asso-6art-sonchamp.fr\/wp-content\/uploads\/2019\/12\/Pousses2-272x182.jpg 272w\" sizes=\"auto, (max-width: 474px) 100vw, 474px\" \/><\/a><\/p>\n<ul>\n<li><strong>9 F\u00e9vrier 2020<\/strong> : concours H2G, St R\u00e9my-les-Chevreuse (78), show \u00ab\u00a0Tor\u00e9ador\u00a0\u00bb, <em><span style=\"color: #0000ff;\">2\u00e8me place cat\u00e9gorie D\u00e9butants.<\/span><\/em><\/li>\n<\/ul>\n<p><iframe loading=\"lazy\" title=\"Jeunes Pousses H2G 2020\" width=\"474\" height=\"267\" src=\"https:\/\/www.youtube.com\/embed\/4pt10RoKz2g?feature=oembed\" frameborder=\"0\" allow=\"accelerometer; autoplay; clipboard-write; encrypted-media; gyroscope; picture-in-picture; web-share\" referrerpolicy=\"strict-origin-when-cross-origin\" allowfullscreen><\/iframe><\/p>\n<ul>\n<li>Pendant le confinement de 2020<\/li>\n<\/ul>\n<p><iframe loading=\"lazy\" title=\"Jeunes Pousses en confinement\" width=\"474\" height=\"267\" src=\"https:\/\/www.youtube.com\/embed\/lFmGCa_31tw?feature=oembed\" frameborder=\"0\" allow=\"accelerometer; autoplay; clipboard-write; encrypted-media; gyroscope; picture-in-picture; web-share\" referrerpolicy=\"strict-origin-when-cross-origin\" allowfullscreen><\/iframe><\/p>\n","protected":false},"excerpt":{"rendered":"<p>Chor\u00e9graphies et direction par Sandrine Guilhem Nathan Brault, Lilo\u00e9 Da Gloria, Timoth\u00e9 Eveno, Zo\u00e9 Fortuna, Matt\u00e9o Levesqueau, Eva Mohar, Lisa Raviot, Ya\u00ebl Vassout (2018-2020) &nbsp; 6 D\u00e9cembre 2019 : participation au T\u00e9l\u00e9thon, ouverture du tournoi du HandClub de Dourdan, show \u00ab\u00a0Tor\u00e9ador\u00a0\u00bb. 9 F\u00e9vrier 2020 : concours H2G, St R\u00e9my-les-Chevreuse (78), show \u00ab\u00a0Tor\u00e9ador\u00a0\u00bb, 2\u00e8me place cat\u00e9gorie &hellip; <a href=\"https:\/\/asso-6art-sonchamp.fr\/index.php\/les-compagnies\/jeunes-pousses\/\" class=\"more-link\">Continuer la lecture de <span class=\"screen-reader-text\">Jeunes Pousses<\/span>  <span class=\"meta-nav\">&rarr;<\/span><\/a><\/p>\n","protected":false},"author":1,"featured_media":0,"parent":98,"menu_order":0,"comment_status":"closed","ping_status":"closed","template":"","meta":{"_acf_changed":false,"jetpack_post_was_ever_published":false,"footnotes":""},"class_list":["post-1480","page","type-page","status-publish","hentry"],"acf":[],"jetpack_sharing_enabled":true,"jetpack_shortlink":"https:\/\/wp.me\/P6Yl4y-nS","jetpack-related-posts":[],"_links":{"self":[{"href":"https:\/\/asso-6art-sonchamp.fr\/index.php\/wp-json\/wp\/v2\/pages\/1480","targetHints":{"allow":["GET"]}}],"collection":[{"href":"https:\/\/asso-6art-sonchamp.fr\/index.php\/wp-json\/wp\/v2\/pages"}],"about":[{"href":"https:\/\/asso-6art-sonchamp.fr\/index.php\/wp-json\/wp\/v2\/types\/page"}],"author":[{"embeddable":true,"href":"https:\/\/asso-6art-sonchamp.fr\/index.php\/wp-json\/wp\/v2\/users\/1"}],"replies":[{"embeddable":true,"href":"https:\/\/asso-6art-sonchamp.fr\/index.php\/wp-json\/wp\/v2\/comments?post=1480"}],"version-history":[{"count":31,"href":"https:\/\/asso-6art-sonchamp.fr\/index.php\/wp-json\/wp\/v2\/pages\/1480\/revisions"}],"predecessor-version":[{"id":2046,"href":"https:\/\/asso-6art-sonchamp.fr\/index.php\/wp-json\/wp\/v2\/pages\/1480\/revisions\/2046"}],"up":[{"embeddable":true,"href":"https:\/\/asso-6art-sonchamp.fr\/index.php\/wp-json\/wp\/v2\/pages\/98"}],"wp:attachment":[{"href":"https:\/\/asso-6art-sonchamp.fr\/index.php\/wp-json\/wp\/v2\/media?parent=1480"}],"curies":[{"name":"wp","href":"https:\/\/api.w.org\/{rel}","templated":true}]}}