{"id":102,"date":"2016-01-01T21:24:00","date_gmt":"2016-01-01T20:24:00","guid":{"rendered":"http:\/\/asso-6art-sonchamp.fr\/?page_id=102"},"modified":"2025-08-19T20:18:24","modified_gmt":"2025-08-19T19:18:24","slug":"modalites-dinscription","status":"publish","type":"page","link":"https:\/\/asso-6art-sonchamp.fr\/index.php\/modalites-dinscription\/","title":{"rendered":"Comment s&rsquo;inscrire aux cours de 6\u00e8me Art ?"},"content":{"rendered":"<h1>Saison 2025-2026<\/h1>\n<p>Retrouvez-nous au forum des associations de Sonchamp : Samedi 6 septembre 2024 de 9h \u00e0 12h \u00e0 la salle des f\u00eates<\/p>\n<p>Pour finaliser une inscription, deux \u00e9tapes :<\/p>\n<ol>\n<li><strong>Lisez le <\/strong><a href=\"http:\/\/asso-6art-sonchamp.fr\/wp-content\/uploads\/2025\/08\/REGLEMENT-INTERIEUR-2025.pdf\" target=\"_blank\" rel=\"noopener\"><span style=\"color: #0000ff;\">r\u00e8glement int\u00e9rieur <\/span><\/a><strong>de l&rsquo;association<\/strong><\/li>\n<li><strong>Fournissez les documents suivants :<\/strong><\/li>\n<\/ol>\n<p><strong><span style=\"color: #ed9468;\">NOUVEAUX \u00c9L\u00c8VES<\/span><\/strong><\/p>\n<ul style=\"list-style-type: square;\">\n<li>El\u00e8ves majeurs : Certificat m\u00e9dical r\u00e9cent (demand\u00e9 tous les 3 ans) ou <a href=\"http:\/\/asso-6art-sonchamp.fr\/wp-content\/uploads\/2025\/08\/Attestation-Sante-2025.pdf\" target=\"_blank\" rel=\"noopener\"><span style=\"color: #0000ff;\">Attestation de Sant\u00e9<\/span><\/a> (aidez-vous du <span style=\"color: #0000ff;\"><a style=\"color: #0000ff;\" href=\"http:\/\/asso-6art-sonchamp.fr\/wp-content\/uploads\/2022\/09\/cerfa_15699-01.pdf\" target=\"_blank\" rel=\"noopener\">Cerfa_15699-01<\/a><\/span>).<\/li>\n<li>El\u00e8ves mineurs :\u00a0 <a href=\"http:\/\/asso-6art-sonchamp.fr\/wp-content\/uploads\/2025\/08\/Attestation-Sante-2025.pdf\" target=\"_blank\" rel=\"noopener\"><span style=\"color: #0000ff;\">Attestation de Sant\u00e9<\/span><\/a> (aidez-vous du <span style=\"color: #0000ff;\"><a style=\"color: #0000ff;\" href=\"http:\/\/asso-6art-sonchamp.fr\/wp-content\/uploads\/2022\/09\/cerfa_15699-01.pdf\" target=\"_blank\" rel=\"noopener\">Cerfa_15699-01<\/a><\/span>)<\/li>\n<li>Attestation d\u2019assurance pour la responsabilit\u00e9 civile pendant les <span style=\"color: #000000;\">activit\u00e9s priv\u00e9es ou hors temps scolaire (demand\u00e9 \u00e0 la toute 1\u00e8re inscription).<br \/>\n<\/span><\/li>\n<\/ul>\n<p><strong><span style=\"color: #ed9468;\">ANCIENS \u00c9L\u00c8VES<\/span><\/strong><\/p>\n<ul style=\"list-style-type: square;\">\n<li>Formulaire en ligne (lien re\u00e7u par courriel)<\/li>\n<\/ul>\n<p><strong><span style=\"color: #ed9468;\">POUR LES \u00c9L\u00c8VES DE COMPAGNIE<br \/>\n<\/span><\/strong><\/p>\n<p>D\u00e9charge et engagement : <a href=\"http:\/\/asso-6art-sonchamp.fr\/wp-content\/uploads\/2025\/08\/DechargeCies2025-mineurs.pdf\" target=\"_blank\" rel=\"noopener\"><span style=\"color: #0000ff;\">\u00e9l\u00e8ves mineurs<\/span><\/a> et <a href=\"http:\/\/asso-6art-sonchamp.fr\/wp-content\/uploads\/2025\/08\/DechargeCies2025-majeurs.pdf\" target=\"_blank\" rel=\"noopener\"><span style=\"color: #0000ff;\">\u00e9l\u00e8ves majeurs<\/span><\/a>.<\/p>\n<p><span style=\"color: #000000;\">3.<\/span><strong><span style=\"color: #000000;\"> Paiement du droit d\u2019entr\u00e9e et de la cotisation annuelle par :<\/span><\/strong><\/p>\n<ul>\n<li>Ch\u00e8ques<\/li>\n<li>Esp\u00e8ces (remise d&rsquo;un re\u00e7u en \u00e9change)<\/li>\n<li>Ch\u00e8ques d\u2019accompagnement personnalis\u00e9 de la CAF des Yvelines accept\u00e9s<\/li>\n<li>Bons PASS+, Labaz&rsquo; et ch\u00e8ques ANCV accept\u00e9s.<\/li>\n<\/ul>\n<p><span style=\"color: #ff0000;\">ATTENTION<\/span> pour ch\u00e8ques CAF et ANCV, pour tout paiement partiel ou total, le reste \u00e0 charge par l\u2019adh\u00e9rent sera calcul\u00e9 \u00e0 partir <strong>de la valeur r\u00e9elle des bons et non de leur valeur faciale.<\/strong><\/p>\n<p>Pour nous contacter : 6emeArtSonchamp@gmail.com<\/p>\n","protected":false},"excerpt":{"rendered":"<p>Saison 2025-2026 Retrouvez-nous au forum des associations de Sonchamp : Samedi 6 septembre 2024 de 9h \u00e0 12h \u00e0 la salle des f\u00eates Pour finaliser une inscription, deux \u00e9tapes : Lisez le r\u00e8glement int\u00e9rieur de l&rsquo;association Fournissez les documents suivants : NOUVEAUX \u00c9L\u00c8VES El\u00e8ves majeurs : Certificat m\u00e9dical r\u00e9cent (demand\u00e9 tous les 3 ans) ou &hellip; <a href=\"https:\/\/asso-6art-sonchamp.fr\/index.php\/modalites-dinscription\/\" class=\"more-link\">Continuer la lecture de <span class=\"screen-reader-text\">Comment s&rsquo;inscrire aux cours de 6\u00e8me Art ?<\/span>  <span class=\"meta-nav\">&rarr;<\/span><\/a><\/p>\n","protected":false},"author":1,"featured_media":0,"parent":0,"menu_order":0,"comment_status":"closed","ping_status":"closed","template":"","meta":{"_acf_changed":false,"jetpack_post_was_ever_published":false,"footnotes":""},"class_list":["post-102","page","type-page","status-publish","hentry"],"acf":[],"jetpack_sharing_enabled":true,"jetpack_shortlink":"https:\/\/wp.me\/P6Yl4y-1E","jetpack-related-posts":[],"_links":{"self":[{"href":"https:\/\/asso-6art-sonchamp.fr\/index.php\/wp-json\/wp\/v2\/pages\/102","targetHints":{"allow":["GET"]}}],"collection":[{"href":"https:\/\/asso-6art-sonchamp.fr\/index.php\/wp-json\/wp\/v2\/pages"}],"about":[{"href":"https:\/\/asso-6art-sonchamp.fr\/index.php\/wp-json\/wp\/v2\/types\/page"}],"author":[{"embeddable":true,"href":"https:\/\/asso-6art-sonchamp.fr\/index.php\/wp-json\/wp\/v2\/users\/1"}],"replies":[{"embeddable":true,"href":"https:\/\/asso-6art-sonchamp.fr\/index.php\/wp-json\/wp\/v2\/comments?post=102"}],"version-history":[{"count":81,"href":"https:\/\/asso-6art-sonchamp.fr\/index.php\/wp-json\/wp\/v2\/pages\/102\/revisions"}],"predecessor-version":[{"id":2480,"href":"https:\/\/asso-6art-sonchamp.fr\/index.php\/wp-json\/wp\/v2\/pages\/102\/revisions\/2480"}],"wp:attachment":[{"href":"https:\/\/asso-6art-sonchamp.fr\/index.php\/wp-json\/wp\/v2\/media?parent=102"}],"curies":[{"name":"wp","href":"https:\/\/api.w.org\/{rel}","templated":true}]}}